{"id":17,"date":"2018-04-09T08:52:11","date_gmt":"2018-04-09T08:52:11","guid":{"rendered":"https:\/\/zma.jfk.mybluehost.me\/?page_id=17"},"modified":"2024-10-26T23:12:35","modified_gmt":"2024-10-26T23:12:35","slug":"about-us","status":"publish","type":"page","link":"https:\/\/yaycosmetics.com\/sq\/about-us\/","title":{"rendered":"Rreth nesh"},"content":{"rendered":"<div class=\"wpb-content-wrapper\"><div class=\"gf-container container\">\n\t\t<div class=\"vc_row wpb_row vc_row-fluid sm-clear-bg vc_custom_1729444295239 vc_row-has-fill\">\n            \t\t\t\t\t\t\t\t<div class=\"wpb_column vc_column_container vc_col-sm-12\"><div class=\"vc_column-inner\"><div class=\"wpb_wrapper\"><div class=\"g5plus-space space-69e8d5309f3b2\" data-id=\"69e8d5309f3b2\" data-tablet=\"70\" data-tablet-portrait=\"60\" data-mobile=\"40\" data-mobile-landscape=\"50\" style=\"clear: both; display: block; height: 90px\"><\/div><\/div><\/div><\/div><div class=\"mg-top-45 sm-mg-top-0 xs-mg-bottom-50 wpb_column vc_column_container vc_col-sm-6 vc_col-md-5\"><div class=\"vc_column-inner\"><div class=\"wpb_wrapper\">\n\t<div class=\"wpb_text_column wpb_content_element mg-bottom-0\" >\n\t\t<div class=\"wpb_wrapper\">\n\t\t\t<p class=\"heading-color fw-semi-bold\" style=\"font-family: 'Cormorant Garamond'; font-size: 34px; line-height: 48px;\">E gjith\u00eb kjo nisi nga nj\u00eb ide e thjesht\u00eb: t\u00eb krijoj produkte cil\u00ebsore dhe me dizajn t\u00eb bukur, q\u00eb un\u00eb vet\u00eb doja.<\/p>\n\n\t\t<\/div>\n\t<\/div>\n<\/div><\/div><\/div><div class=\"wpb_column vc_column_container vc_col-sm-1 vc_col-md-2 vc_hidden-sm vc_hidden-xs\"><div class=\"vc_column-inner\"><div class=\"wpb_wrapper\">\n\t<div class=\"wpb_text_column wpb_content_element mg-bottom-0\" >\n\t\t<div class=\"wpb_wrapper\">\n\t\t\t<p class=\"custom-vertical-text fs-48 heading-color fw-black text-uppercase\">linj\u00eb kozmetike<\/p>\n\n\t\t<\/div>\n\t<\/div>\n<\/div><\/div><\/div><div class=\"mg-top-90 sm-mg-top-0 wpb_column vc_column_container vc_col-sm-5 vc_col-md-offset-1 vc_col-md-3 vc_col-sm-offset-1\"><div class=\"vc_column-inner\"><div class=\"wpb_wrapper\">\n\t<div class=\"wpb_text_column wpb_content_element\" >\n\t\t<div class=\"wpb_wrapper\">\n\t\t\t<p class=\"heading-color fs-24 fw-bold mg-bottom-10\" style=\"font-family: 'Cormorant Garamond'; line-height: 28px;\">Transport falas<\/p>\n<p>Dor\u00ebzim i shpejt\u00eb dhe falas p\u00ebr \u00e7do porosi<\/p>\n\n\t\t<\/div>\n\t<\/div>\n\n\t<div class=\"wpb_text_column wpb_content_element\" >\n\t\t<div class=\"wpb_wrapper\">\n\t\t\t<p class=\"heading-color fs-24 fw-bold mg-bottom-10\" style=\"font-family: 'Cormorant Garamond'; line-height: 28px;\">Sh\u00ebrbimi ndaj Klientit<\/p>\n<p>Jemi k\u00ebtu p\u00ebr t\u2019ju ndihmuar! Na kontaktoni n\u00eb \u00e7do koh\u00eb p\u00ebr mb\u00ebshtetje ekspert\u00ebsh.<\/p>\n\n\t\t<\/div>\n\t<\/div>\n<\/div><\/div><\/div><div class=\"wpb_column vc_column_container vc_col-sm-12\"><div class=\"vc_column-inner\"><div class=\"wpb_wrapper\"><div class=\"g5plus-space space-69e8d5309f889\" data-id=\"69e8d5309f889\" data-tablet=\"350\" data-tablet-portrait=\"80\" data-mobile=\"50\" data-mobile-landscape=\"60\" style=\"clear: both; display: block; height: 420px\"><\/div><\/div><\/div><\/div>\t\t\t\n\t\t<\/div>\n\t<\/div>\n\t\t<div class=\"vc_row wpb_row vc_row-fluid\">\n            \t\t\t\t\t\t\t<div class=\"gf-container container\">\n\t\t\t\t\t\t\t\t<div class=\"wpb_column vc_column_container vc_col-sm-12\"><div class=\"vc_column-inner\"><div class=\"wpb_wrapper\">\n\t<div class=\"wpb_text_column wpb_content_element\" >\n\t\t<div class=\"wpb_wrapper\">\n\t\t\t<h2 style=\"text-align: center;\" class=\"translation-block\"><strong>YayCosmetics<\/strong><br>\r\n<strong>Company Vision and Mission<\/strong><\/h2>\n<p>N\u00eb YayCosmetics, krenojm\u00eb q\u00eb jemi t\u00eb ve\u00e7ant\u00eb n\u00eb industrin\u00eb e bukuris\u00eb luksoze, duke u fokusuar n\u00eb cil\u00ebsin\u00eb e jasht\u00ebzakonshme t\u00eb produkteve tona, t\u00eb gjitha t\u00eb aprovuara nga autoritetet p\u00ebrkat\u00ebse sh\u00ebndet\u00ebsore.<\/p>\n<p>Vizioni yn\u00eb \u00ebsht\u00eb t\u00eb b\u00ebhemi nj\u00eb em\u00ebr udh\u00ebheq\u00ebs n\u00eb bot\u00ebn moderne t\u00eb kozmetik\u00ebs, i njohur p\u00ebr p\u00ebrkushtimin ton\u00eb ndaj zgjidhjeve inovative t\u00eb bukuris\u00eb q\u00eb i p\u00ebrgjigjen nevojave n\u00eb zhvillim t\u00eb klient\u00ebve tan\u00eb.<\/p>\n<p>Misioni yn\u00eb \u00ebsht\u00eb t\u00eb krijojm\u00eb produkte kozmetike t\u00eb avancuara q\u00eb kombinon teknologjin\u00eb m\u00eb t\u00eb fundit me p\u00ebrb\u00ebr\u00ebs cil\u00ebsor\u00eb, duke siguruar nj\u00eb ekuilib\u00ebr perfekt mes inovacionit modern dhe eleganc\u00ebs s\u00eb p\u00ebrjetshme. T\u00eb frym\u00ebzuar nga thelbi i jetes\u00ebs s\u00eb sh\u00ebndetshme dhe bukuris\u00eb natyrale, synojm\u00eb t\u2019u ofrojm\u00eb klient\u00ebve tan\u00eb nj\u00eb p\u00ebrvoj\u00eb blerjeje luksoze dhe t\u00eb k\u00ebnaqshme.<\/p>\n<p>YayCosmetics \u00ebsht\u00eb e p\u00ebrkushtuar t\u00eb promovoj\u00eb nj\u00eb filozofi bukurie t\u00eb bazuar n\u00eb sh\u00ebndet dhe shk\u00eblqim natyral. Besojm\u00eb n\u00eb festimin e bukuris\u00eb natyrale t\u00eb l\u00ebkur\u00ebs, duke ofruar produkte q\u00eb reflektojn\u00eb nj\u00eb harmoni mes eleganc\u00ebs s\u00eb s\u00eb kaluar\u00ebs dhe p\u00ebrparimeve t\u00eb sotme. Q\u00ebllimi yn\u00eb \u00ebsht\u00eb t\u2019u fuqizojm\u00eb klient\u00ebt me produkte q\u00eb jo vet\u00ebm theksojn\u00eb bukurin\u00eb e tyre, por edhe mb\u00ebshtesin mir\u00ebqenien e tyre t\u00eb p\u00ebrgjithshme.<\/p>\n\n\t\t<\/div>\n\t<\/div>\n<\/div><\/div><\/div>\t\t\t\t\t\t\t<\/div>\n\t\t\t\n\t\t<\/div>\n<\/div>","protected":false},"excerpt":{"rendered":"It started with a simple idea: Create quality, well-designed products that I wanted myself. cosmetic line Free shipping Fast, free delivery on every order Customer Support We're here to help! Contact us anytime for expert assistance. YayCosmetics Company Vision and Mission At YayCosmetics, we pride ourselves on being a standout in the luxury beauty industry [...]","protected":false},"author":1,"featured_media":0,"parent":0,"menu_order":0,"comment_status":"closed","ping_status":"closed","template":"","meta":{"nf_dc_page":"","om_disable_all_campaigns":false,"_monsterinsights_skip_tracking":false,"_monsterinsights_sitenote_active":false,"_monsterinsights_sitenote_note":"","_monsterinsights_sitenote_category":0,"footnotes":""},"class_list":["post-17","page","type-page","status-publish","hentry"],"yoast_head":"<!-- This site is optimized with the Yoast SEO plugin v27.4 - https:\/\/yoast.com\/product\/yoast-seo-wordpress\/ -->\n<title>About Us - Yay Cosmetics<\/title>\n<meta name=\"robots\" content=\"index, follow, max-snippet:-1, max-image-preview:large, max-video-preview:-1\" \/>\n<link rel=\"canonical\" href=\"http:\/\/yaycosmetics.com\/sq\/about-us\/\" \/>\n<meta property=\"og:locale\" content=\"sq_AL\" \/>\n<meta property=\"og:type\" content=\"article\" \/>\n<meta property=\"og:title\" content=\"About Us - Yay Cosmetics\" \/>\n<meta property=\"og:url\" content=\"http:\/\/yaycosmetics.com\/sq\/about-us\/\" \/>\n<meta property=\"og:site_name\" content=\"Yay Cosmetics\" \/>\n<meta property=\"article:modified_time\" content=\"2024-10-26T23:12:35+00:00\" \/>\n<meta name=\"twitter:card\" content=\"summary_large_image\" \/>\n<meta name=\"twitter:label1\" content=\"Est. reading time\" \/>\n\t<meta name=\"twitter:data1\" content=\"2 minuta\" \/>\n<script type=\"application\/ld+json\" class=\"yoast-schema-graph\">{\"@context\":\"https:\\\/\\\/schema.org\",\"@graph\":[{\"@type\":\"WebPage\",\"@id\":\"http:\\\/\\\/yaycosmetics.com\\\/sq\\\/about-us\\\/\",\"url\":\"http:\\\/\\\/yaycosmetics.com\\\/sq\\\/about-us\\\/\",\"name\":\"About Us - Yay Cosmetics\",\"isPartOf\":{\"@id\":\"https:\\\/\\\/yaycosmetics.com\\\/en\\\/#website\"},\"datePublished\":\"2018-04-09T08:52:11+00:00\",\"dateModified\":\"2024-10-26T23:12:35+00:00\",\"breadcrumb\":{\"@id\":\"http:\\\/\\\/yaycosmetics.com\\\/sq\\\/about-us\\\/#breadcrumb\"},\"inLanguage\":\"sq\",\"potentialAction\":[{\"@type\":\"ReadAction\",\"target\":[\"http:\\\/\\\/yaycosmetics.com\\\/sq\\\/about-us\\\/\"]}]},{\"@type\":\"BreadcrumbList\",\"@id\":\"http:\\\/\\\/yaycosmetics.com\\\/sq\\\/about-us\\\/#breadcrumb\",\"itemListElement\":[{\"@type\":\"ListItem\",\"position\":1,\"name\":\"Home\",\"item\":\"https:\\\/\\\/yaycosmetics.com\\\/en\\\/\"},{\"@type\":\"ListItem\",\"position\":2,\"name\":\"About Us\"}]},{\"@type\":\"WebSite\",\"@id\":\"https:\\\/\\\/yaycosmetics.com\\\/en\\\/#website\",\"url\":\"https:\\\/\\\/yaycosmetics.com\\\/en\\\/\",\"name\":\"Yay Cosmetics\",\"description\":\"\",\"potentialAction\":[{\"@type\":\"SearchAction\",\"target\":{\"@type\":\"EntryPoint\",\"urlTemplate\":\"https:\\\/\\\/yaycosmetics.com\\\/en\\\/?s={search_term_string}\"},\"query-input\":{\"@type\":\"PropertyValueSpecification\",\"valueRequired\":true,\"valueName\":\"search_term_string\"}}],\"inLanguage\":\"sq\"}]}<\/script>\n<!-- \/ Yoast SEO plugin. -->","yoast_head_json":{"title":"About Us - Yay Cosmetics","robots":{"index":"index","follow":"follow","max-snippet":"max-snippet:-1","max-image-preview":"max-image-preview:large","max-video-preview":"max-video-preview:-1"},"canonical":"http:\/\/yaycosmetics.com\/sq\/about-us\/","og_locale":"sq_AL","og_type":"article","og_title":"About Us - Yay Cosmetics","og_url":"http:\/\/yaycosmetics.com\/sq\/about-us\/","og_site_name":"Yay Cosmetics","article_modified_time":"2024-10-26T23:12:35+00:00","twitter_card":"summary_large_image","twitter_misc":{"Est. reading time":"2 minuta"},"schema":{"@context":"https:\/\/schema.org","@graph":[{"@type":"WebPage","@id":"http:\/\/yaycosmetics.com\/sq\/about-us\/","url":"http:\/\/yaycosmetics.com\/sq\/about-us\/","name":"About Us - Yay Cosmetics","isPartOf":{"@id":"https:\/\/yaycosmetics.com\/en\/#website"},"datePublished":"2018-04-09T08:52:11+00:00","dateModified":"2024-10-26T23:12:35+00:00","breadcrumb":{"@id":"http:\/\/yaycosmetics.com\/sq\/about-us\/#breadcrumb"},"inLanguage":"sq","potentialAction":[{"@type":"ReadAction","target":["http:\/\/yaycosmetics.com\/sq\/about-us\/"]}]},{"@type":"BreadcrumbList","@id":"http:\/\/yaycosmetics.com\/sq\/about-us\/#breadcrumb","itemListElement":[{"@type":"ListItem","position":1,"name":"Home","item":"https:\/\/yaycosmetics.com\/en\/"},{"@type":"ListItem","position":2,"name":"About Us"}]},{"@type":"WebSite","@id":"https:\/\/yaycosmetics.com\/en\/#website","url":"https:\/\/yaycosmetics.com\/en\/","name":"Yay Cosmetics","description":"","potentialAction":[{"@type":"SearchAction","target":{"@type":"EntryPoint","urlTemplate":"https:\/\/yaycosmetics.com\/en\/?s={search_term_string}"},"query-input":{"@type":"PropertyValueSpecification","valueRequired":true,"valueName":"search_term_string"}}],"inLanguage":"sq"}]}},"jetpack_sharing_enabled":true,"_links":{"self":[{"href":"https:\/\/yaycosmetics.com\/sq\/wp-json\/wp\/v2\/pages\/17","targetHints":{"allow":["GET"]}}],"collection":[{"href":"https:\/\/yaycosmetics.com\/sq\/wp-json\/wp\/v2\/pages"}],"about":[{"href":"https:\/\/yaycosmetics.com\/sq\/wp-json\/wp\/v2\/types\/page"}],"author":[{"embeddable":true,"href":"https:\/\/yaycosmetics.com\/sq\/wp-json\/wp\/v2\/users\/1"}],"replies":[{"embeddable":true,"href":"https:\/\/yaycosmetics.com\/sq\/wp-json\/wp\/v2\/comments?post=17"}],"version-history":[{"count":5,"href":"https:\/\/yaycosmetics.com\/sq\/wp-json\/wp\/v2\/pages\/17\/revisions"}],"predecessor-version":[{"id":382,"href":"https:\/\/yaycosmetics.com\/sq\/wp-json\/wp\/v2\/pages\/17\/revisions\/382"}],"wp:attachment":[{"href":"https:\/\/yaycosmetics.com\/sq\/wp-json\/wp\/v2\/media?parent=17"}],"curies":[{"name":"wp","href":"https:\/\/api.w.org\/{rel}","templated":true}]}}