{"id":372,"date":"2024-10-26T22:51:13","date_gmt":"2024-10-26T22:51:13","guid":{"rendered":"https:\/\/yaycosmetics.com\/?page_id=372"},"modified":"2025-09-27T21:20:24","modified_gmt":"2025-09-27T21:20:24","slug":"privacy-policy","status":"publish","type":"page","link":"https:\/\/yaycosmetics.com\/sq\/privacy-policy\/","title":{"rendered":"Politika e Privat\u00ebsis\u00eb"},"content":{"rendered":"<div class=\"wpb-content-wrapper\">\t\t<div class=\"vc_row wpb_row vc_row-fluid\">\n            \t\t\t\t\t\t\t<div class=\"gf-container container\">\n\t\t\t\t\t\t\t\t<div class=\"wpb_column vc_column_container vc_col-sm-12\"><div class=\"vc_column-inner\"><div class=\"wpb_wrapper\">\n\t<div class=\"wpb_text_column wpb_content_element\" >\n\t\t<div class=\"wpb_wrapper\">\n\t\t\t<p data-start=\"116\" data-end=\"158\"><strong data-start=\"116\" data-end=\"156\">P\u00ebrdit\u00ebsuar s\u00eb fundmi: 27 Tetor 2024<\/strong><\/p>\n<p data-start=\"160\" data-end=\"460\">Yay Cosmetics (n\u00eb vijim &#8220;ne&#8221;, &#8220;yn\u00eb&#8221; ose &#8220;yn\u00eb&#8221;) \u00ebsht\u00eb e p\u00ebrkushtuar p\u00ebr mbrojtjen e privat\u00ebsis\u00eb suaj. Kjo Politik\u00eb Privat\u00ebsie shpjegon se si mbledhim, p\u00ebrdorim, zbulojm\u00eb dhe mbrojm\u00eb informacionin tuaj kur vizitoni faqen ton\u00eb <a class=\"decorated-link\" href=\"https:\/\/zma.jfk.mybluehost.me\/\" target=\"_new\" rel=\"noopener\" data-start=\"384\" data-end=\"409\">https:\/\/zma.jfk.mybluehost.me\/<\/a> (n\u00eb vijim &#8220;Faqja&#8221;) dhe kur bleni produktet tona.<\/p>\n<p data-start=\"462\" data-end=\"495\"><strong data-start=\"462\" data-end=\"493\">1. Informacioni q\u00eb Mbledhim<\/strong><\/p>\n<p data-start=\"497\" data-end=\"565\">Ne mund t\u00eb mbledhim dhe p\u00ebrpunojm\u00eb k\u00ebto lloje informacioni p\u00ebr ju:<\/p>\n<p data-start=\"567\" data-end=\"669\"><strong data-start=\"567\" data-end=\"590\">T\u00eb Dh\u00ebna Personale:<\/strong> Informacion q\u00eb ju identifikon si individ, duke p\u00ebrfshir\u00eb por jo kufizuar n\u00eb:<\/p>\n<ul data-start=\"670\" data-end=\"795\">\n<li data-start=\"670\" data-end=\"678\">\n<p data-start=\"672\" data-end=\"678\">Emri<\/p>\n<\/li>\n<li data-start=\"679\" data-end=\"700\">\n<p data-start=\"681\" data-end=\"700\">Adresa e email-it<\/p>\n<\/li>\n<li data-start=\"701\" data-end=\"722\">\n<p data-start=\"703\" data-end=\"722\">Numri i telefonit<\/p>\n<\/li>\n<li data-start=\"723\" data-end=\"745\">\n<p data-start=\"725\" data-end=\"745\">Adresa e faturimit<\/p>\n<\/li>\n<li data-start=\"746\" data-end=\"767\">\n<p data-start=\"748\" data-end=\"767\">Adresa e d\u00ebrges\u00ebs<\/p>\n<\/li>\n<li data-start=\"768\" data-end=\"795\">\n<p data-start=\"770\" data-end=\"795\">Informacion p\u00ebr pages\u00ebn<\/p>\n<\/li>\n<\/ul>\n<p data-start=\"797\" data-end=\"883\"><strong data-start=\"797\" data-end=\"823\">T\u00eb Dh\u00ebna Jo-Personale:<\/strong> Informacion q\u00eb nuk ju identifikon personalisht, si p.sh.:<\/p>\n<ul data-start=\"884\" data-end=\"986\">\n<li data-start=\"884\" data-end=\"907\">\n<p data-start=\"886\" data-end=\"907\">Lloji i shfletuesit<\/p>\n<\/li>\n<li data-start=\"908\" data-end=\"921\">\n<p data-start=\"910\" data-end=\"921\">Adresa IP<\/p>\n<\/li>\n<li data-start=\"922\" data-end=\"957\">\n<p data-start=\"924\" data-end=\"957\">Faqet e vizituara n\u00eb Faqen ton\u00eb<\/p>\n<\/li>\n<li data-start=\"958\" data-end=\"986\">\n<p data-start=\"960\" data-end=\"986\">Koha dhe data e vizitave<\/p>\n<\/li>\n<\/ul>\n<p data-start=\"988\" data-end=\"1027\"><strong data-start=\"988\" data-end=\"1025\">2. Si P\u00ebrdorim Informacionin Tuaj<\/strong><\/p>\n<p data-start=\"1029\" data-end=\"1087\">Ne p\u00ebrdorim informacionin tuaj p\u00ebr q\u00ebllimet e m\u00ebposhtme:<\/p>\n<ul data-start=\"1088\" data-end=\"1520\">\n<li data-start=\"1088\" data-end=\"1178\">\n<p data-start=\"1090\" data-end=\"1178\"><strong data-start=\"1090\" data-end=\"1120\">P\u00ebr p\u00ebrpunimin e porosive:<\/strong> Menaxhimi i porosive, pagesave, d\u00ebrgesave dhe kthimeve.<\/p>\n<\/li>\n<li data-start=\"1179\" data-end=\"1298\">\n<p data-start=\"1181\" data-end=\"1298\"><strong data-start=\"1181\" data-end=\"1209\">P\u00ebr t\u00eb komunikuar me ju:<\/strong> D\u00ebrgimi i konfirmimeve t\u00eb porosive, p\u00ebrdit\u00ebsimeve dhe p\u00ebrgjigjeve ndaj pyetjeve tuaja.<\/p>\n<\/li>\n<li data-start=\"1299\" data-end=\"1411\">\n<p data-start=\"1301\" data-end=\"1411\"><strong data-start=\"1301\" data-end=\"1334\">P\u00ebr t\u00eb p\u00ebrmir\u00ebsuar sh\u00ebrbimet:<\/strong> Analizimi i p\u00ebrdorimit t\u00eb Faqes dhe p\u00ebrmir\u00ebsimi i p\u00ebrvoj\u00ebs s\u00eb p\u00ebrdoruesit.<\/p>\n<\/li>\n<li data-start=\"1412\" data-end=\"1520\">\n<p data-start=\"1414\" data-end=\"1520\"><strong data-start=\"1414\" data-end=\"1441\">P\u00ebr q\u00ebllime marketingu:<\/strong> D\u00ebrgimi i materialeve promovuese, newsletter dhe ofertave, me pranimin tuaj.<\/p>\n<\/li>\n<\/ul>\n<p data-start=\"1522\" data-end=\"1582\"><strong data-start=\"1522\" data-end=\"1580\">3. Bazat Ligjore p\u00ebr P\u00ebrpunimin e t\u00eb Dh\u00ebnave Personale<\/strong><\/p>\n<p data-start=\"1584\" data-end=\"1688\">Ne p\u00ebrdorim t\u00eb dh\u00ebnat tuaja personale vet\u00ebm kur ligji na lejon. Bazat ligjore p\u00ebr p\u00ebrpunim p\u00ebrfshijn\u00eb:<\/p>\n<ul data-start=\"1689\" data-end=\"1849\">\n<li data-start=\"1689\" data-end=\"1706\">\n<p data-start=\"1691\" data-end=\"1706\">Pranimin tuaj<\/p>\n<\/li>\n<li data-start=\"1707\" data-end=\"1749\">\n<p data-start=\"1709\" data-end=\"1749\">Nevoj\u00ebn p\u00ebr p\u00ebrmbushjen e nj\u00eb kontrate<\/p>\n<\/li>\n<li data-start=\"1750\" data-end=\"1786\">\n<p data-start=\"1752\" data-end=\"1786\">P\u00ebrputhjen me nj\u00eb detyrim ligjor<\/p>\n<\/li>\n<li data-start=\"1787\" data-end=\"1849\">\n<p data-start=\"1789\" data-end=\"1849\">Interesa legjitime t\u00eb ndjekura nga ne ose nj\u00eb pal\u00eb e tret\u00eb<\/p>\n<\/li>\n<\/ul>\n<p data-start=\"1851\" data-end=\"1888\"><strong data-start=\"1851\" data-end=\"1886\">4. Zbulesa e Informacionit Tuaj<\/strong><\/p>\n<p data-start=\"1890\" data-end=\"2008\">Ne nuk shesim ose japim me qira informacionin tuaj personal tek pal\u00eb t\u00eb treta. Mund t\u00eb ndajm\u00eb informacionin tuaj me:<\/p>\n<ul data-start=\"2009\" data-end=\"2247\">\n<li data-start=\"2009\" data-end=\"2141\">\n<p data-start=\"2011\" data-end=\"2141\"><strong data-start=\"2011\" data-end=\"2037\">Ofruesit e Sh\u00ebrbimeve:<\/strong> Pal\u00eb t\u00eb treta q\u00eb ndihmojn\u00eb n\u00eb operimin e biznesit ton\u00eb (p.sh., p\u00ebrpunues pagesash, sh\u00ebrbime d\u00ebrgese).<\/p>\n<\/li>\n<li data-start=\"2142\" data-end=\"2247\">\n<p data-start=\"2144\" data-end=\"2247\"><strong data-start=\"2144\" data-end=\"2172\">P\u00ebr p\u00ebrputhje me ligjin:<\/strong> Autoritete, n\u00ebse k\u00ebrkohet nga ligji ose p\u00ebr t\u00eb mbrojtur t\u00eb drejtat tona.<\/p>\n<\/li>\n<\/ul>\n<p data-start=\"2249\" data-end=\"2278\"><strong data-start=\"2249\" data-end=\"2276\">5. Siguria e t\u00eb Dh\u00ebnave<\/strong><\/p>\n<p data-start=\"2280\" data-end=\"2504\">Ne zbatojm\u00eb masa teknike dhe organizative p\u00ebr t\u00eb mbrojtur t\u00eb dh\u00ebnat tuaja nga qasja e paautorizuar, humbja ose keqp\u00ebrdorimi. Megjithat\u00eb, asnj\u00eb metod\u00eb transmetimi n\u00eb internet ose ruajtje elektronike nuk \u00ebsht\u00eb 100% e sigurt.<\/p>\n<p data-start=\"2506\" data-end=\"2531\"><strong data-start=\"2506\" data-end=\"2529\">6. T\u00eb Drejtat Tuaja<\/strong><\/p>\n<p data-start=\"2533\" data-end=\"2626\">N\u00ebn GDPR dhe ligjin p\u00ebr mbrojtjen e t\u00eb dh\u00ebnave personale n\u00eb Kosov\u00eb, ju keni k\u00ebto t\u00eb drejta:<\/p>\n<ul data-start=\"2627\" data-end=\"3190\">\n<li data-start=\"2627\" data-end=\"2703\">\n<p data-start=\"2629\" data-end=\"2703\"><strong data-start=\"2629\" data-end=\"2652\">E drejta p\u00ebr akses:<\/strong> K\u00ebrkoni nj\u00eb kopje t\u00eb t\u00eb dh\u00ebnave tuaja personale.<\/p>\n<\/li>\n<li data-start=\"2704\" data-end=\"2792\">\n<p data-start=\"2706\" data-end=\"2792\"><strong data-start=\"2706\" data-end=\"2733\">E drejta p\u00ebr korrigjim:<\/strong> K\u00ebrkoni korrigjimin e \u00e7do pasakt\u00ebsie n\u00eb t\u00eb dh\u00ebnat tuaja.<\/p>\n<\/li>\n<li data-start=\"2793\" data-end=\"2869\">\n<p data-start=\"2795\" data-end=\"2869\"><strong data-start=\"2795\" data-end=\"2820\">E drejta p\u00ebr fshirje:<\/strong> K\u00ebrkoni fshirjen e t\u00eb dh\u00ebnave tuaja personale.<\/p>\n<\/li>\n<li data-start=\"2870\" data-end=\"2966\">\n<p data-start=\"2872\" data-end=\"2966\"><strong data-start=\"2872\" data-end=\"2912\">E drejta p\u00ebr kufizimin e p\u00ebrpunimit:<\/strong> K\u00ebrkoni kufizimin e p\u00ebrpunimit t\u00eb t\u00eb dh\u00ebnave tuaja.<\/p>\n<\/li>\n<li data-start=\"2967\" data-end=\"3088\">\n<p data-start=\"2969\" data-end=\"3088\"><strong data-start=\"2969\" data-end=\"3014\">E drejta p\u00ebr portabilitetin e t\u00eb dh\u00ebnave:<\/strong> K\u00ebrkoni transferimin e t\u00eb dh\u00ebnave tuaja tek nj\u00eb ofrues tjet\u00ebr sh\u00ebrbimi.<\/p>\n<\/li>\n<li data-start=\"3089\" data-end=\"3190\">\n<p data-start=\"3091\" data-end=\"3190\"><strong data-start=\"3091\" data-end=\"3129\">E drejta p\u00ebr t\u00ebrheqjen e pranimit:<\/strong> T\u00ebrhiqni pranimin p\u00ebr p\u00ebrpunimin e t\u00eb dh\u00ebnave n\u00eb \u00e7do koh\u00eb.<\/p>\n<\/li>\n<\/ul>\n<p data-start=\"3192\" data-end=\"3290\">P\u00ebr t\u00eb ushtruar ndonj\u00eb nga k\u00ebto t\u00eb drejta, ju lutemi na kontaktoni n\u00eb informacionin e m\u00ebposht\u00ebm.<\/p>\n<p data-start=\"3292\" data-end=\"3335\"><strong data-start=\"3292\" data-end=\"3333\">7. Cookies dhe Teknologji t\u00eb Ndjekjes<\/strong><\/p>\n<p data-start=\"3337\" data-end=\"3495\">Ne p\u00ebrdorim cookies dhe teknologji t\u00eb ngjashme p\u00ebr t\u00eb p\u00ebrmir\u00ebsuar p\u00ebrvoj\u00ebn tuaj n\u00eb Faqen ton\u00eb. P\u00ebr informacion t\u00eb detajuar, shikoni Politika jon\u00eb e Cookies.<\/p>\n<p data-start=\"3497\" data-end=\"3543\"><strong data-start=\"3497\" data-end=\"3541\">8. Ndryshimet n\u00eb Politik\u00ebn e Privat\u00ebsis\u00eb<\/strong><\/p>\n<p data-start=\"3545\" data-end=\"3755\">Ne mund t\u00eb p\u00ebrdit\u00ebsojm\u00eb k\u00ebt\u00eb Politik\u00eb Privat\u00ebsie nga koha n\u00eb koh\u00eb. Ndryshimet do t\u00eb postohen n\u00eb k\u00ebt\u00eb faqe dhe, n\u00eb rast ndryshimesh t\u00eb r\u00ebnd\u00ebsishme, do t\u2019ju njoftojm\u00eb p\u00ebrmes email-it ose njoftimi n\u00eb Faqen ton\u00eb.<\/p>\n<p data-start=\"3757\" data-end=\"3782\"><strong data-start=\"3757\" data-end=\"3780\">9. Kontaktoni me Ne<\/strong><\/p>\n<p data-start=\"3784\" data-end=\"3897\">N\u00ebse keni pyetje rreth k\u00ebsaj Politike Privat\u00ebsie ose praktikave tona t\u00eb t\u00eb dh\u00ebnave, ju lutemi na kontaktoni n\u00eb:<\/p>\n<ul data-start=\"3898\" data-end=\"3959\">\n<li data-start=\"3898\" data-end=\"3933\">\n<p data-start=\"3900\" data-end=\"3933\">Email: <a class=\"decorated-link cursor-pointer\" rel=\"noopener\" data-start=\"3907\" data-end=\"3931\">yaycosmetics18@gmail.com<\/a><\/p>\n<\/li>\n<li data-start=\"3934\" data-end=\"3959\">\n<p data-start=\"3936\" data-end=\"3959\">Telefon: +32470104118<\/p>\n<\/li>\n<\/ul>\n\n\t\t<\/div>\n\t<\/div>\n<\/div><\/div><\/div>\t\t\t\t\t\t\t<\/div>\n\t\t\t\n\t\t<\/div>\n<\/div>","protected":false},"excerpt":{"rendered":"P\u00ebrdit\u00ebsuar s\u00eb fundmi: 27 Tetor 2024 Yay Cosmetics (n\u00eb vijim \"ne\", \"yn\u00eb\" ose \"yn\u00eb\") \u00ebsht\u00eb e p\u00ebrkushtuar p\u00ebr mbrojtjen e privat\u00ebsis\u00eb suaj. Kjo Politik\u00eb Privat\u00ebsie shpjegon se si mbledhim, p\u00ebrdorim, zbulojm\u00eb dhe mbrojm\u00eb informacionin tuaj kur vizitoni faqen ton\u00eb https:\/\/zma.jfk.mybluehost.me\/ (n\u00eb vijim \"Faqja\") dhe kur bleni produktet tona. 1. Informacioni q\u00eb Mbledhim Ne mund t\u00eb [...]","protected":false},"author":1,"featured_media":0,"parent":0,"menu_order":0,"comment_status":"closed","ping_status":"closed","template":"","meta":{"nf_dc_page":"","om_disable_all_campaigns":false,"_monsterinsights_skip_tracking":false,"_monsterinsights_sitenote_active":false,"_monsterinsights_sitenote_note":"","_monsterinsights_sitenote_category":0,"footnotes":""},"class_list":["post-372","page","type-page","status-publish","hentry"],"yoast_head":"<!-- This site is optimized with the Yoast SEO plugin v27.4 - https:\/\/yoast.com\/product\/yoast-seo-wordpress\/ -->\n<title>Privacy Policy - Yay Cosmetics<\/title>\n<meta name=\"robots\" content=\"index, follow, max-snippet:-1, max-image-preview:large, max-video-preview:-1\" \/>\n<link rel=\"canonical\" href=\"https:\/\/yaycosmetics.com\/sq\/privacy-policy\/\" \/>\n<meta property=\"og:locale\" content=\"sq_AL\" \/>\n<meta property=\"og:type\" content=\"article\" \/>\n<meta property=\"og:title\" content=\"Privacy Policy - Yay Cosmetics\" \/>\n<meta property=\"og:url\" content=\"https:\/\/yaycosmetics.com\/sq\/privacy-policy\/\" \/>\n<meta property=\"og:site_name\" content=\"Yay Cosmetics\" \/>\n<meta property=\"article:modified_time\" content=\"2025-09-27T21:20:24+00:00\" \/>\n<meta name=\"twitter:card\" content=\"summary_large_image\" \/>\n<meta name=\"twitter:label1\" content=\"Est. reading time\" \/>\n\t<meta name=\"twitter:data1\" content=\"3 minuta\" \/>\n<script type=\"application\/ld+json\" class=\"yoast-schema-graph\">{\"@context\":\"https:\\\/\\\/schema.org\",\"@graph\":[{\"@type\":\"WebPage\",\"@id\":\"https:\\\/\\\/yaycosmetics.com\\\/sq\\\/privacy-policy\\\/\",\"url\":\"https:\\\/\\\/yaycosmetics.com\\\/sq\\\/privacy-policy\\\/\",\"name\":\"Privacy Policy - Yay Cosmetics\",\"isPartOf\":{\"@id\":\"https:\\\/\\\/yaycosmetics.com\\\/en\\\/#website\"},\"datePublished\":\"2024-10-26T22:51:13+00:00\",\"dateModified\":\"2025-09-27T21:20:24+00:00\",\"breadcrumb\":{\"@id\":\"https:\\\/\\\/yaycosmetics.com\\\/sq\\\/privacy-policy\\\/#breadcrumb\"},\"inLanguage\":\"sq\",\"potentialAction\":[{\"@type\":\"ReadAction\",\"target\":[\"https:\\\/\\\/yaycosmetics.com\\\/sq\\\/privacy-policy\\\/\"]}]},{\"@type\":\"BreadcrumbList\",\"@id\":\"https:\\\/\\\/yaycosmetics.com\\\/sq\\\/privacy-policy\\\/#breadcrumb\",\"itemListElement\":[{\"@type\":\"ListItem\",\"position\":1,\"name\":\"Home\",\"item\":\"https:\\\/\\\/yaycosmetics.com\\\/en\\\/\"},{\"@type\":\"ListItem\",\"position\":2,\"name\":\"Privacy Policy\"}]},{\"@type\":\"WebSite\",\"@id\":\"https:\\\/\\\/yaycosmetics.com\\\/en\\\/#website\",\"url\":\"https:\\\/\\\/yaycosmetics.com\\\/en\\\/\",\"name\":\"Yay Cosmetics\",\"description\":\"\",\"potentialAction\":[{\"@type\":\"SearchAction\",\"target\":{\"@type\":\"EntryPoint\",\"urlTemplate\":\"https:\\\/\\\/yaycosmetics.com\\\/en\\\/?s={search_term_string}\"},\"query-input\":{\"@type\":\"PropertyValueSpecification\",\"valueRequired\":true,\"valueName\":\"search_term_string\"}}],\"inLanguage\":\"sq\"}]}<\/script>\n<!-- \/ Yoast SEO plugin. -->","yoast_head_json":{"title":"Privacy Policy - Yay Cosmetics","robots":{"index":"index","follow":"follow","max-snippet":"max-snippet:-1","max-image-preview":"max-image-preview:large","max-video-preview":"max-video-preview:-1"},"canonical":"https:\/\/yaycosmetics.com\/sq\/privacy-policy\/","og_locale":"sq_AL","og_type":"article","og_title":"Privacy Policy - Yay Cosmetics","og_url":"https:\/\/yaycosmetics.com\/sq\/privacy-policy\/","og_site_name":"Yay Cosmetics","article_modified_time":"2025-09-27T21:20:24+00:00","twitter_card":"summary_large_image","twitter_misc":{"Est. reading time":"3 minuta"},"schema":{"@context":"https:\/\/schema.org","@graph":[{"@type":"WebPage","@id":"https:\/\/yaycosmetics.com\/sq\/privacy-policy\/","url":"https:\/\/yaycosmetics.com\/sq\/privacy-policy\/","name":"Privacy Policy - Yay Cosmetics","isPartOf":{"@id":"https:\/\/yaycosmetics.com\/en\/#website"},"datePublished":"2024-10-26T22:51:13+00:00","dateModified":"2025-09-27T21:20:24+00:00","breadcrumb":{"@id":"https:\/\/yaycosmetics.com\/sq\/privacy-policy\/#breadcrumb"},"inLanguage":"sq","potentialAction":[{"@type":"ReadAction","target":["https:\/\/yaycosmetics.com\/sq\/privacy-policy\/"]}]},{"@type":"BreadcrumbList","@id":"https:\/\/yaycosmetics.com\/sq\/privacy-policy\/#breadcrumb","itemListElement":[{"@type":"ListItem","position":1,"name":"Home","item":"https:\/\/yaycosmetics.com\/en\/"},{"@type":"ListItem","position":2,"name":"Privacy Policy"}]},{"@type":"WebSite","@id":"https:\/\/yaycosmetics.com\/en\/#website","url":"https:\/\/yaycosmetics.com\/en\/","name":"Yay Cosmetics","description":"","potentialAction":[{"@type":"SearchAction","target":{"@type":"EntryPoint","urlTemplate":"https:\/\/yaycosmetics.com\/en\/?s={search_term_string}"},"query-input":{"@type":"PropertyValueSpecification","valueRequired":true,"valueName":"search_term_string"}}],"inLanguage":"sq"}]}},"jetpack_sharing_enabled":true,"_links":{"self":[{"href":"https:\/\/yaycosmetics.com\/sq\/wp-json\/wp\/v2\/pages\/372","targetHints":{"allow":["GET"]}}],"collection":[{"href":"https:\/\/yaycosmetics.com\/sq\/wp-json\/wp\/v2\/pages"}],"about":[{"href":"https:\/\/yaycosmetics.com\/sq\/wp-json\/wp\/v2\/types\/page"}],"author":[{"embeddable":true,"href":"https:\/\/yaycosmetics.com\/sq\/wp-json\/wp\/v2\/users\/1"}],"replies":[{"embeddable":true,"href":"https:\/\/yaycosmetics.com\/sq\/wp-json\/wp\/v2\/comments?post=372"}],"version-history":[{"count":8,"href":"https:\/\/yaycosmetics.com\/sq\/wp-json\/wp\/v2\/pages\/372\/revisions"}],"predecessor-version":[{"id":533,"href":"https:\/\/yaycosmetics.com\/sq\/wp-json\/wp\/v2\/pages\/372\/revisions\/533"}],"wp:attachment":[{"href":"https:\/\/yaycosmetics.com\/sq\/wp-json\/wp\/v2\/media?parent=372"}],"curies":[{"name":"wp","href":"https:\/\/api.w.org\/{rel}","templated":true}]}}