{"id":374,"date":"2024-10-26T22:52:34","date_gmt":"2024-10-26T22:52:34","guid":{"rendered":"https:\/\/yaycosmetics.com\/?page_id=374"},"modified":"2025-09-27T21:21:21","modified_gmt":"2025-09-27T21:21:21","slug":"cookies-policy","status":"publish","type":"page","link":"https:\/\/yaycosmetics.com\/sq\/cookies-policy\/","title":{"rendered":"Politika e Cookies"},"content":{"rendered":"<div class=\"wpb-content-wrapper\">\t\t<div class=\"vc_row wpb_row vc_row-fluid\">\n            \t\t\t\t\t\t\t<div class=\"gf-container container\">\n\t\t\t\t\t\t\t\t<div class=\"wpb_column vc_column_container vc_col-sm-12\"><div class=\"vc_column-inner\"><div class=\"wpb_wrapper\">\n\t<div class=\"wpb_text_column wpb_content_element\" >\n\t\t<div class=\"wpb_wrapper\">\n\t\t\t<p data-start=\"88\" data-end=\"130\"><strong data-start=\"88\" data-end=\"128\">P\u00ebrdit\u00ebsuar s\u00eb fundmi: 27 Tetor 2024<\/strong><\/p>\n<p data-start=\"132\" data-end=\"405\">Kjo Politik\u00eb Cookies shpjegon se \u00e7far\u00eb jan\u00eb cookies, si Yay Cosmetics (n\u00eb vijim &#8220;ne&#8221;, &#8220;yn\u00eb&#8221; ose &#8220;yn\u00eb&#8221;) p\u00ebrdor cookies dhe teknologji t\u00eb ngjashme t\u00eb ndjekjes n\u00eb faqen ton\u00eb <a class=\"decorated-link\" href=\"https:\/\/zma.jfk.mybluehost.me\/\" target=\"_new\" rel=\"noopener\" data-start=\"303\" data-end=\"328\">https:\/\/zma.jfk.mybluehost.me\/<\/a> (n\u00eb vijim &#8220;Faqja&#8221;) dhe si mund t\u00eb menaxhoni preferencat tuaja p\u00ebr cookies.<\/p>\n<p data-start=\"407\" data-end=\"435\"><strong data-start=\"407\" data-end=\"433\">1. \u00c7far\u00eb jan\u00eb Cookies?<\/strong><\/p>\n<p data-start=\"437\" data-end=\"693\">Cookies jan\u00eb skedar\u00eb t\u00eb vegj\u00ebl teksti q\u00eb vendosen n\u00eb pajisjen tuaj (kompjuter, tablet ose celular) kur vizitoni nj\u00eb faqe interneti. Ata ndihmojn\u00eb faqen t\u00eb njoh\u00eb pajisjen tuaj dhe t\u00eb ruaj\u00eb disa informacione p\u00ebr preferencat ose veprimet tuaja t\u00eb m\u00ebparshme.<\/p>\n<p data-start=\"695\" data-end=\"723\"><strong data-start=\"695\" data-end=\"721\">2. Si P\u00ebrdorim Cookies<\/strong><\/p>\n<p data-start=\"725\" data-end=\"772\">Ne p\u00ebrdorim cookies p\u00ebr q\u00ebllimet e m\u00ebposhtme:<\/p>\n<ul data-start=\"774\" data-end=\"1654\">\n<li data-start=\"774\" data-end=\"1003\">\n<p data-start=\"776\" data-end=\"1003\"><strong data-start=\"776\" data-end=\"799\">Cookies Thelb\u00ebsore:<\/strong> K\u00ebto cookies jan\u00eb t\u00eb nevojshme q\u00eb faqja t\u00eb funksionoj\u00eb si duhet dhe nuk mund t\u00eb \u00e7aktivizohen. Ato ju lejojn\u00eb t\u00eb navigoni n\u00eb Faqen ton\u00eb dhe t\u00eb p\u00ebrdorni funksionet e saj, si aksesimi i zonave t\u00eb sigurta.<\/p>\n<\/li>\n<li data-start=\"1004\" data-end=\"1197\">\n<p data-start=\"1006\" data-end=\"1197\"><strong data-start=\"1006\" data-end=\"1031\">Cookies Performanc\u00ebs:<\/strong> K\u00ebto cookies mbledhin informacion se si p\u00ebrdorni Faqen ton\u00eb (p.sh., cilat faqe vizitoni m\u00eb shpesh). Ky informacion na ndihmon t\u00eb p\u00ebrmir\u00ebsojm\u00eb performanc\u00ebn e Faqes.<\/p>\n<\/li>\n<li data-start=\"1198\" data-end=\"1405\">\n<p data-start=\"1200\" data-end=\"1405\"><strong data-start=\"1200\" data-end=\"1228\">Cookies Funksionaliteti:<\/strong> K\u00ebto cookies na lejojn\u00eb t\u00eb kujtojm\u00eb zgjedhjet q\u00eb b\u00ebni (p.sh., emrin e p\u00ebrdoruesit, gjuh\u00ebn ose rajonin ku jeni) dhe t\u00eb ofrojm\u00eb funksione m\u00eb t\u00eb personalizuara dhe t\u00eb avancuara.<\/p>\n<\/li>\n<li data-start=\"1406\" data-end=\"1654\">\n<p data-start=\"1408\" data-end=\"1654\"><strong data-start=\"1408\" data-end=\"1430\">Cookies Targetimi:<\/strong> K\u00ebto cookies p\u00ebrdoren p\u00ebr t\u00eb dh\u00ebn\u00eb reklama t\u00eb p\u00ebrshtatura p\u00ebr ju dhe interesat tuaja. Ato gjithashtu mund t\u00eb kufizojn\u00eb numrin e her\u00ebve q\u00eb shihni nj\u00eb reklam\u00eb dhe ndihmojn\u00eb n\u00eb matjen e efektivitetit t\u00eb fushatave reklamuese.<\/p>\n<\/li>\n<\/ul>\n<p data-start=\"1656\" data-end=\"1691\"><strong data-start=\"1656\" data-end=\"1689\">3. Cookies t\u00eb Pal\u00ebve t\u00eb Treta<\/strong><\/p>\n<p data-start=\"1693\" data-end=\"1889\">P\u00ebrve\u00e7 cookies tona, mund t\u00eb p\u00ebrdorim gjithashtu cookies t\u00eb ndryshme t\u00eb pal\u00ebve t\u00eb treta p\u00ebr t\u00eb raportuar statistika p\u00ebrdorimi t\u00eb Faqes ton\u00eb dhe p\u00ebr t\u00eb dh\u00ebn\u00eb reklama brenda dhe jasht\u00eb Faqes ton\u00eb.<\/p>\n<p data-start=\"1891\" data-end=\"1936\"><strong data-start=\"1891\" data-end=\"1934\">4. Menaxhimi i Preferencave p\u00ebr Cookies<\/strong><\/p>\n<p data-start=\"1938\" data-end=\"2086\">Ju mund t\u00eb menaxhoni preferencat tuaja p\u00ebr cookies n\u00eb \u00e7do koh\u00eb duke rregulluar cil\u00ebsimet n\u00eb shfletuesin tuaj. Shumica e shfletuesve lejojn\u00eb q\u00eb t\u00eb:<\/p>\n<ul data-start=\"2087\" data-end=\"2221\">\n<li data-start=\"2087\" data-end=\"2140\">\n<p data-start=\"2089\" data-end=\"2140\">Shihni cookies q\u00eb jan\u00eb instaluar n\u00eb pajisjen tuaj<\/p>\n<\/li>\n<li data-start=\"2141\" data-end=\"2159\">\n<p data-start=\"2143\" data-end=\"2159\">Fshini cookies<\/p>\n<\/li>\n<li data-start=\"2160\" data-end=\"2180\">\n<p data-start=\"2162\" data-end=\"2180\">Bllokoni cookies<\/p>\n<\/li>\n<li data-start=\"2181\" data-end=\"2221\">\n<p data-start=\"2183\" data-end=\"2221\">Merrni njoftime kur cookies vendosen<\/p>\n<\/li>\n<\/ul>\n<p data-start=\"2223\" data-end=\"2349\">P\u00ebr m\u00eb shum\u00eb informacion se si t\u00eb menaxhoni cookies, vizitoni seksionin ndihm\u00ebs t\u00eb shfletuesit tuaj ose shikoni k\u00ebto lidhje:<\/p>\n<ul data-start=\"2350\" data-end=\"2417\">\n<li data-start=\"2350\" data-end=\"2367\">\n<p data-start=\"2352\" data-end=\"2367\">Google Chrome<\/p>\n<\/li>\n<li data-start=\"2368\" data-end=\"2387\">\n<p data-start=\"2370\" data-end=\"2387\">Mozilla Firefox<\/p>\n<\/li>\n<li data-start=\"2388\" data-end=\"2406\">\n<p data-start=\"2390\" data-end=\"2406\">Microsoft Edge<\/p>\n<\/li>\n<li data-start=\"2407\" data-end=\"2417\">\n<p data-start=\"2409\" data-end=\"2417\">Safari<\/p>\n<\/li>\n<\/ul>\n<p data-start=\"2419\" data-end=\"2592\">Ju lutemi vini re se n\u00ebse zgjidhni t\u00eb bllokoni ose fshini cookies, kjo mund t\u00eb ndikoj\u00eb n\u00eb p\u00ebrvoj\u00ebn tuaj n\u00eb Faqen ton\u00eb dhe disa funksione mund t\u00eb mos funksionojn\u00eb si duhet.<\/p>\n<p data-start=\"2594\" data-end=\"2638\"><strong data-start=\"2594\" data-end=\"2636\">5. Ndryshimet n\u00eb k\u00ebt\u00eb Politik\u00eb Cookies<\/strong><\/p>\n<p data-start=\"2640\" data-end=\"2848\">Ne mund t\u00eb p\u00ebrdit\u00ebsojm\u00eb k\u00ebt\u00eb Politik\u00eb Cookies nga koha n\u00eb koh\u00eb. Ndryshimet do t\u00eb postohen n\u00eb k\u00ebt\u00eb faqe dhe, n\u00eb rast ndryshimesh t\u00eb r\u00ebnd\u00ebsishme, do t\u2019ju njoftojm\u00eb p\u00ebrmes email-it ose njoftimit n\u00eb Faqen ton\u00eb.<\/p>\n<p data-start=\"2850\" data-end=\"2875\"><strong data-start=\"2850\" data-end=\"2873\">6. Kontaktoni me Ne<\/strong><\/p>\n<p data-start=\"2877\" data-end=\"2960\">N\u00ebse keni ndonj\u00eb pyetje rreth k\u00ebsaj Politike Cookies, ju lutemi na kontaktoni n\u00eb:<\/p>\n<ul data-start=\"2961\" data-end=\"3022\">\n<li data-start=\"2961\" data-end=\"2996\">\n<p data-start=\"2963\" data-end=\"2996\">Email: <a class=\"decorated-link cursor-pointer\" rel=\"noopener\" data-start=\"2970\" data-end=\"2994\">yaycosmetics18@gmail.com<\/a><\/p>\n<\/li>\n<li data-start=\"2997\" data-end=\"3022\">\n<p data-start=\"2999\" data-end=\"3022\">Telefon: +32470104118<\/p>\n<\/li>\n<\/ul>\n\n\t\t<\/div>\n\t<\/div>\n<\/div><\/div><\/div>\t\t\t\t\t\t\t<\/div>\n\t\t\t\n\t\t<\/div>\n<\/div>","protected":false},"excerpt":{"rendered":"P\u00ebrdit\u00ebsuar s\u00eb fundmi: 27 Tetor 2024 Kjo Politik\u00eb Cookies shpjegon se \u00e7far\u00eb jan\u00eb cookies, si Yay Cosmetics (n\u00eb vijim \"ne\", \"yn\u00eb\" ose \"yn\u00eb\") p\u00ebrdor cookies dhe teknologji t\u00eb ngjashme t\u00eb ndjekjes n\u00eb faqen ton\u00eb https:\/\/zma.jfk.mybluehost.me\/ (n\u00eb vijim \"Faqja\") dhe si mund t\u00eb menaxhoni preferencat tuaja p\u00ebr cookies. 1. \u00c7far\u00eb jan\u00eb Cookies? Cookies jan\u00eb skedar\u00eb t\u00eb [...]","protected":false},"author":1,"featured_media":0,"parent":0,"menu_order":0,"comment_status":"closed","ping_status":"closed","template":"","meta":{"nf_dc_page":"","om_disable_all_campaigns":false,"_monsterinsights_skip_tracking":false,"_monsterinsights_sitenote_active":false,"_monsterinsights_sitenote_note":"","_monsterinsights_sitenote_category":0,"footnotes":""},"class_list":["post-374","page","type-page","status-publish","hentry"],"yoast_head":"<!-- This site is optimized with the Yoast SEO plugin v27.4 - https:\/\/yoast.com\/product\/yoast-seo-wordpress\/ -->\n<title>Cookies Policy - Yay Cosmetics<\/title>\n<meta name=\"robots\" content=\"index, follow, max-snippet:-1, max-image-preview:large, max-video-preview:-1\" \/>\n<link rel=\"canonical\" href=\"https:\/\/yaycosmetics.com\/sq\/cookies-policy\/\" \/>\n<meta property=\"og:locale\" content=\"sq_AL\" \/>\n<meta property=\"og:type\" content=\"article\" \/>\n<meta property=\"og:title\" content=\"Cookies Policy - Yay Cosmetics\" \/>\n<meta property=\"og:url\" content=\"https:\/\/yaycosmetics.com\/sq\/cookies-policy\/\" \/>\n<meta property=\"og:site_name\" content=\"Yay Cosmetics\" \/>\n<meta property=\"article:modified_time\" content=\"2025-09-27T21:21:21+00:00\" \/>\n<meta name=\"twitter:card\" content=\"summary_large_image\" \/>\n<meta name=\"twitter:label1\" content=\"Est. reading time\" \/>\n\t<meta name=\"twitter:data1\" content=\"2 minuta\" \/>\n<script type=\"application\/ld+json\" class=\"yoast-schema-graph\">{\"@context\":\"https:\\\/\\\/schema.org\",\"@graph\":[{\"@type\":\"WebPage\",\"@id\":\"https:\\\/\\\/yaycosmetics.com\\\/sq\\\/cookies-policy\\\/\",\"url\":\"https:\\\/\\\/yaycosmetics.com\\\/sq\\\/cookies-policy\\\/\",\"name\":\"Cookies Policy - Yay Cosmetics\",\"isPartOf\":{\"@id\":\"https:\\\/\\\/yaycosmetics.com\\\/en\\\/#website\"},\"datePublished\":\"2024-10-26T22:52:34+00:00\",\"dateModified\":\"2025-09-27T21:21:21+00:00\",\"breadcrumb\":{\"@id\":\"https:\\\/\\\/yaycosmetics.com\\\/sq\\\/cookies-policy\\\/#breadcrumb\"},\"inLanguage\":\"sq\",\"potentialAction\":[{\"@type\":\"ReadAction\",\"target\":[\"https:\\\/\\\/yaycosmetics.com\\\/sq\\\/cookies-policy\\\/\"]}]},{\"@type\":\"BreadcrumbList\",\"@id\":\"https:\\\/\\\/yaycosmetics.com\\\/sq\\\/cookies-policy\\\/#breadcrumb\",\"itemListElement\":[{\"@type\":\"ListItem\",\"position\":1,\"name\":\"Home\",\"item\":\"https:\\\/\\\/yaycosmetics.com\\\/en\\\/\"},{\"@type\":\"ListItem\",\"position\":2,\"name\":\"Cookies Policy\"}]},{\"@type\":\"WebSite\",\"@id\":\"https:\\\/\\\/yaycosmetics.com\\\/en\\\/#website\",\"url\":\"https:\\\/\\\/yaycosmetics.com\\\/en\\\/\",\"name\":\"Yay Cosmetics\",\"description\":\"\",\"potentialAction\":[{\"@type\":\"SearchAction\",\"target\":{\"@type\":\"EntryPoint\",\"urlTemplate\":\"https:\\\/\\\/yaycosmetics.com\\\/en\\\/?s={search_term_string}\"},\"query-input\":{\"@type\":\"PropertyValueSpecification\",\"valueRequired\":true,\"valueName\":\"search_term_string\"}}],\"inLanguage\":\"sq\"}]}<\/script>\n<!-- \/ Yoast SEO plugin. -->","yoast_head_json":{"title":"Cookies Policy - Yay Cosmetics","robots":{"index":"index","follow":"follow","max-snippet":"max-snippet:-1","max-image-preview":"max-image-preview:large","max-video-preview":"max-video-preview:-1"},"canonical":"https:\/\/yaycosmetics.com\/sq\/cookies-policy\/","og_locale":"sq_AL","og_type":"article","og_title":"Cookies Policy - Yay Cosmetics","og_url":"https:\/\/yaycosmetics.com\/sq\/cookies-policy\/","og_site_name":"Yay Cosmetics","article_modified_time":"2025-09-27T21:21:21+00:00","twitter_card":"summary_large_image","twitter_misc":{"Est. reading time":"2 minuta"},"schema":{"@context":"https:\/\/schema.org","@graph":[{"@type":"WebPage","@id":"https:\/\/yaycosmetics.com\/sq\/cookies-policy\/","url":"https:\/\/yaycosmetics.com\/sq\/cookies-policy\/","name":"Cookies Policy - Yay Cosmetics","isPartOf":{"@id":"https:\/\/yaycosmetics.com\/en\/#website"},"datePublished":"2024-10-26T22:52:34+00:00","dateModified":"2025-09-27T21:21:21+00:00","breadcrumb":{"@id":"https:\/\/yaycosmetics.com\/sq\/cookies-policy\/#breadcrumb"},"inLanguage":"sq","potentialAction":[{"@type":"ReadAction","target":["https:\/\/yaycosmetics.com\/sq\/cookies-policy\/"]}]},{"@type":"BreadcrumbList","@id":"https:\/\/yaycosmetics.com\/sq\/cookies-policy\/#breadcrumb","itemListElement":[{"@type":"ListItem","position":1,"name":"Home","item":"https:\/\/yaycosmetics.com\/en\/"},{"@type":"ListItem","position":2,"name":"Cookies Policy"}]},{"@type":"WebSite","@id":"https:\/\/yaycosmetics.com\/en\/#website","url":"https:\/\/yaycosmetics.com\/en\/","name":"Yay Cosmetics","description":"","potentialAction":[{"@type":"SearchAction","target":{"@type":"EntryPoint","urlTemplate":"https:\/\/yaycosmetics.com\/en\/?s={search_term_string}"},"query-input":{"@type":"PropertyValueSpecification","valueRequired":true,"valueName":"search_term_string"}}],"inLanguage":"sq"}]}},"jetpack_sharing_enabled":true,"_links":{"self":[{"href":"https:\/\/yaycosmetics.com\/sq\/wp-json\/wp\/v2\/pages\/374","targetHints":{"allow":["GET"]}}],"collection":[{"href":"https:\/\/yaycosmetics.com\/sq\/wp-json\/wp\/v2\/pages"}],"about":[{"href":"https:\/\/yaycosmetics.com\/sq\/wp-json\/wp\/v2\/types\/page"}],"author":[{"embeddable":true,"href":"https:\/\/yaycosmetics.com\/sq\/wp-json\/wp\/v2\/users\/1"}],"replies":[{"embeddable":true,"href":"https:\/\/yaycosmetics.com\/sq\/wp-json\/wp\/v2\/comments?post=374"}],"version-history":[{"count":3,"href":"https:\/\/yaycosmetics.com\/sq\/wp-json\/wp\/v2\/pages\/374\/revisions"}],"predecessor-version":[{"id":534,"href":"https:\/\/yaycosmetics.com\/sq\/wp-json\/wp\/v2\/pages\/374\/revisions\/534"}],"wp:attachment":[{"href":"https:\/\/yaycosmetics.com\/sq\/wp-json\/wp\/v2\/media?parent=374"}],"curies":[{"name":"wp","href":"https:\/\/api.w.org\/{rel}","templated":true}]}}