{"id":376,"date":"2024-10-26T22:53:45","date_gmt":"2024-10-26T22:53:45","guid":{"rendered":"https:\/\/yaycosmetics.com\/?page_id=376"},"modified":"2025-09-27T21:15:12","modified_gmt":"2025-09-27T21:15:12","slug":"refund-policy","status":"publish","type":"page","link":"https:\/\/yaycosmetics.com\/sq\/refund-policy\/","title":{"rendered":"Politika e Rimbursimit"},"content":{"rendered":"<div class=\"wpb-content-wrapper\">\t\t<div class=\"vc_row wpb_row vc_row-fluid\">\n            \t\t\t\t\t\t\t<div class=\"gf-container container\">\n\t\t\t\t\t\t\t\t<div class=\"wpb_column vc_column_container vc_col-sm-12\"><div class=\"vc_column-inner\"><div class=\"wpb_wrapper\">\n\t<div class=\"wpb_text_column wpb_content_element\" >\n\t\t<div class=\"wpb_wrapper\">\n\t\t\t<p data-start=\"212\" data-end=\"262\"><strong data-start=\"212\" data-end=\"262\">E drejta e t\u00ebrheqjes nga kontrata (Rimbursimi)<\/strong><\/p>\n<p data-start=\"264\" data-end=\"532\">N\u00eb p\u00ebrputhje me ligjin e Republik\u00ebs s\u00eb Kosov\u00ebs p\u00ebr mbrojtjen e konsumatorit, Bler\u00ebsi ka t\u00eb drejt\u00eb t\u00eb t\u00ebrhiqet nga kontrata pa ndonj\u00eb gjob\u00eb dhe pa pasur nevoj\u00eb t\u00eb jap\u00eb nj\u00eb arsye, brenda 14 (kat\u00ebrmb\u00ebdhjet\u00eb) dit\u00ebve kalendarike nga dita pas marrjes s\u00eb mallrave t\u00eb blera.<\/p>\n<p data-start=\"534\" data-end=\"944\">P\u00ebr t\u00eb ushtruar t\u00eb drejt\u00ebn e t\u00ebrheqjes, Bler\u00ebsi duhet t\u2019i njoftoj\u00eb Shit\u00ebsit duke d\u00ebrguar nj\u00eb njoftim t\u00eb shkruar p\u00ebr t\u00ebrheqje n\u00eb adres\u00ebn [shto adres\u00ebn e Shit\u00ebsit k\u00ebtu]. Ky njoftim mund t\u00eb d\u00ebrgohet edhe me post\u00eb t\u00eb regjistruar, ku data n\u00eb kuponin e post\u00ebs do t\u00eb sh\u00ebrbej\u00eb si konfirmim. Si alternativ\u00eb, Bler\u00ebsi mund t\u00eb njoftoj\u00eb Shit\u00ebsin elektronikisht, me kusht q\u00eb Shit\u00ebsi t\u00eb konfirmoj\u00eb marrjen e k\u00ebtij njoftimi.<\/p>\n<p data-start=\"946\" data-end=\"1188\">Bler\u00ebsi duhet t\u00eb kthej\u00eb mallrat jo m\u00eb von\u00eb se 14 (kat\u00ebrmb\u00ebdhjet\u00eb) dit\u00eb nga data e komunikimit t\u00eb njoftimit p\u00ebr t\u00ebrheqje. Artikujt duhet t\u00eb kthehen n\u00eb gjendjen dhe paketimin origjinal p\u00ebr t\u00eb p\u00ebrfituar rimbursim t\u00eb plot\u00eb t\u00eb \u00e7mimit t\u00eb blerjes.<\/p>\n<p data-start=\"1190\" data-end=\"1494\">Bler\u00ebsi nuk mund t\u00eb ushtroj\u00eb t\u00eb drejt\u00ebn e t\u00ebrheqjes p\u00ebr disa artikuj, duke p\u00ebrfshir\u00eb, por pa u kufizuar vet\u00ebm n\u00eb: mallra t\u00eb hapura ose t\u00eb p\u00ebrdorura, artikuj t\u00eb b\u00ebr\u00eb sipas specifikimeve t\u00eb Bler\u00ebsit, produkte t\u00eb personalizuara, ose \u00e7do mall q\u00eb mund t\u00eb prishet shpejt ose q\u00eb ka kaluar afatin e p\u00ebrdorimit.<\/p>\n<p data-start=\"1496\" data-end=\"1697\">P\u00ebrve\u00e7 n\u00ebse \u00ebsht\u00eb r\u00ebn\u00eb dakord ndryshe, kostot e kthimit t\u00eb mallrave mbulohen nga Bler\u00ebsi. Megjithat\u00eb, n\u00ebse mallrat e pranuara ishin t\u00eb gabuara ose t\u00eb d\u00ebmtuara, Shit\u00ebsi do t\u00eb mbuloj\u00eb kostot e kthimit.<\/p>\n<p data-start=\"1699\" data-end=\"1958\">Pas marrjes s\u00eb mallrave t\u00eb kthyer dhe verifikimit t\u00eb gjendjes s\u00eb tyre, Shit\u00ebsi do t\u2019i rimbursoj\u00eb Bler\u00ebsit shum\u00ebn e plot\u00eb t\u00eb paguar, duke p\u00ebrfshir\u00eb \u00e7do kosto standarde t\u00eb dor\u00ebzimit, brenda 14 (kat\u00ebrmb\u00ebdhjet\u00eb) dit\u00ebve nga dita e marrjes s\u00eb artikujve t\u00eb kthyer.<\/p>\n<p data-start=\"1960\" data-end=\"2115\">Duke ushtruar t\u00eb drejt\u00ebn e t\u00ebrheqjes, detyrimet kontraktuale midis Bler\u00ebsit dhe Shit\u00ebsit nd\u00ebrpriten, p\u00ebrve\u00e7 asaj q\u00eb \u00ebsht\u00eb e parashikuar n\u00eb k\u00ebt\u00eb politik\u00eb.<\/p>\n\n\t\t<\/div>\n\t<\/div>\n<\/div><\/div><\/div>\t\t\t\t\t\t\t<\/div>\n\t\t\t\n\t\t<\/div>\n<\/div>","protected":false},"excerpt":{"rendered":"E drejta e t\u00ebrheqjes nga kontrata (Rimbursimi) N\u00eb p\u00ebrputhje me ligjin e Republik\u00ebs s\u00eb Kosov\u00ebs p\u00ebr mbrojtjen e konsumatorit, Bler\u00ebsi ka t\u00eb drejt\u00eb t\u00eb t\u00ebrhiqet nga kontrata pa ndonj\u00eb gjob\u00eb dhe pa pasur nevoj\u00eb t\u00eb jap\u00eb nj\u00eb arsye, brenda 14 (kat\u00ebrmb\u00ebdhjet\u00eb) dit\u00ebve kalendarike nga dita pas marrjes s\u00eb mallrave t\u00eb blera. P\u00ebr t\u00eb ushtruar t\u00eb [...]","protected":false},"author":1,"featured_media":0,"parent":0,"menu_order":0,"comment_status":"closed","ping_status":"closed","template":"","meta":{"nf_dc_page":"","om_disable_all_campaigns":false,"_monsterinsights_skip_tracking":false,"_monsterinsights_sitenote_active":false,"_monsterinsights_sitenote_note":"","_monsterinsights_sitenote_category":0,"footnotes":""},"class_list":["post-376","page","type-page","status-publish","hentry"],"yoast_head":"<!-- This site is optimized with the Yoast SEO plugin v27.4 - https:\/\/yoast.com\/product\/yoast-seo-wordpress\/ -->\n<title>Refund Policy - Yay Cosmetics<\/title>\n<meta name=\"robots\" content=\"index, follow, max-snippet:-1, max-image-preview:large, max-video-preview:-1\" \/>\n<link rel=\"canonical\" href=\"https:\/\/yaycosmetics.com\/sq\/refund-policy\/\" \/>\n<meta property=\"og:locale\" content=\"sq_AL\" \/>\n<meta property=\"og:type\" content=\"article\" \/>\n<meta property=\"og:title\" content=\"Refund Policy - Yay Cosmetics\" \/>\n<meta property=\"og:url\" content=\"https:\/\/yaycosmetics.com\/sq\/refund-policy\/\" \/>\n<meta property=\"og:site_name\" content=\"Yay Cosmetics\" \/>\n<meta property=\"article:modified_time\" content=\"2025-09-27T21:15:12+00:00\" \/>\n<meta name=\"twitter:card\" content=\"summary_large_image\" \/>\n<meta name=\"twitter:label1\" content=\"Est. reading time\" \/>\n\t<meta name=\"twitter:data1\" content=\"2 minuta\" \/>\n<script type=\"application\/ld+json\" class=\"yoast-schema-graph\">{\"@context\":\"https:\\\/\\\/schema.org\",\"@graph\":[{\"@type\":\"WebPage\",\"@id\":\"https:\\\/\\\/yaycosmetics.com\\\/sq\\\/refund-policy\\\/\",\"url\":\"https:\\\/\\\/yaycosmetics.com\\\/sq\\\/refund-policy\\\/\",\"name\":\"Refund Policy - Yay Cosmetics\",\"isPartOf\":{\"@id\":\"https:\\\/\\\/yaycosmetics.com\\\/en\\\/#website\"},\"datePublished\":\"2024-10-26T22:53:45+00:00\",\"dateModified\":\"2025-09-27T21:15:12+00:00\",\"breadcrumb\":{\"@id\":\"https:\\\/\\\/yaycosmetics.com\\\/sq\\\/refund-policy\\\/#breadcrumb\"},\"inLanguage\":\"sq\",\"potentialAction\":[{\"@type\":\"ReadAction\",\"target\":[\"https:\\\/\\\/yaycosmetics.com\\\/sq\\\/refund-policy\\\/\"]}]},{\"@type\":\"BreadcrumbList\",\"@id\":\"https:\\\/\\\/yaycosmetics.com\\\/sq\\\/refund-policy\\\/#breadcrumb\",\"itemListElement\":[{\"@type\":\"ListItem\",\"position\":1,\"name\":\"Home\",\"item\":\"https:\\\/\\\/yaycosmetics.com\\\/en\\\/\"},{\"@type\":\"ListItem\",\"position\":2,\"name\":\"Refund Policy\"}]},{\"@type\":\"WebSite\",\"@id\":\"https:\\\/\\\/yaycosmetics.com\\\/en\\\/#website\",\"url\":\"https:\\\/\\\/yaycosmetics.com\\\/en\\\/\",\"name\":\"Yay Cosmetics\",\"description\":\"\",\"potentialAction\":[{\"@type\":\"SearchAction\",\"target\":{\"@type\":\"EntryPoint\",\"urlTemplate\":\"https:\\\/\\\/yaycosmetics.com\\\/en\\\/?s={search_term_string}\"},\"query-input\":{\"@type\":\"PropertyValueSpecification\",\"valueRequired\":true,\"valueName\":\"search_term_string\"}}],\"inLanguage\":\"sq\"}]}<\/script>\n<!-- \/ Yoast SEO plugin. -->","yoast_head_json":{"title":"Refund Policy - Yay Cosmetics","robots":{"index":"index","follow":"follow","max-snippet":"max-snippet:-1","max-image-preview":"max-image-preview:large","max-video-preview":"max-video-preview:-1"},"canonical":"https:\/\/yaycosmetics.com\/sq\/refund-policy\/","og_locale":"sq_AL","og_type":"article","og_title":"Refund Policy - Yay Cosmetics","og_url":"https:\/\/yaycosmetics.com\/sq\/refund-policy\/","og_site_name":"Yay Cosmetics","article_modified_time":"2025-09-27T21:15:12+00:00","twitter_card":"summary_large_image","twitter_misc":{"Est. reading time":"2 minuta"},"schema":{"@context":"https:\/\/schema.org","@graph":[{"@type":"WebPage","@id":"https:\/\/yaycosmetics.com\/sq\/refund-policy\/","url":"https:\/\/yaycosmetics.com\/sq\/refund-policy\/","name":"Refund Policy - Yay Cosmetics","isPartOf":{"@id":"https:\/\/yaycosmetics.com\/en\/#website"},"datePublished":"2024-10-26T22:53:45+00:00","dateModified":"2025-09-27T21:15:12+00:00","breadcrumb":{"@id":"https:\/\/yaycosmetics.com\/sq\/refund-policy\/#breadcrumb"},"inLanguage":"sq","potentialAction":[{"@type":"ReadAction","target":["https:\/\/yaycosmetics.com\/sq\/refund-policy\/"]}]},{"@type":"BreadcrumbList","@id":"https:\/\/yaycosmetics.com\/sq\/refund-policy\/#breadcrumb","itemListElement":[{"@type":"ListItem","position":1,"name":"Home","item":"https:\/\/yaycosmetics.com\/en\/"},{"@type":"ListItem","position":2,"name":"Refund Policy"}]},{"@type":"WebSite","@id":"https:\/\/yaycosmetics.com\/en\/#website","url":"https:\/\/yaycosmetics.com\/en\/","name":"Yay Cosmetics","description":"","potentialAction":[{"@type":"SearchAction","target":{"@type":"EntryPoint","urlTemplate":"https:\/\/yaycosmetics.com\/en\/?s={search_term_string}"},"query-input":{"@type":"PropertyValueSpecification","valueRequired":true,"valueName":"search_term_string"}}],"inLanguage":"sq"}]}},"jetpack_sharing_enabled":true,"_links":{"self":[{"href":"https:\/\/yaycosmetics.com\/sq\/wp-json\/wp\/v2\/pages\/376","targetHints":{"allow":["GET"]}}],"collection":[{"href":"https:\/\/yaycosmetics.com\/sq\/wp-json\/wp\/v2\/pages"}],"about":[{"href":"https:\/\/yaycosmetics.com\/sq\/wp-json\/wp\/v2\/types\/page"}],"author":[{"embeddable":true,"href":"https:\/\/yaycosmetics.com\/sq\/wp-json\/wp\/v2\/users\/1"}],"replies":[{"embeddable":true,"href":"https:\/\/yaycosmetics.com\/sq\/wp-json\/wp\/v2\/comments?post=376"}],"version-history":[{"count":2,"href":"https:\/\/yaycosmetics.com\/sq\/wp-json\/wp\/v2\/pages\/376\/revisions"}],"predecessor-version":[{"id":526,"href":"https:\/\/yaycosmetics.com\/sq\/wp-json\/wp\/v2\/pages\/376\/revisions\/526"}],"wp:attachment":[{"href":"https:\/\/yaycosmetics.com\/sq\/wp-json\/wp\/v2\/media?parent=376"}],"curies":[{"name":"wp","href":"https:\/\/api.w.org\/{rel}","templated":true}]}}