{"id":317,"date":"2024-10-20T21:49:58","date_gmt":"2024-10-20T21:49:58","guid":{"rendered":"https:\/\/yaycosmetics.com\/?post_type=product&#038;p=317"},"modified":"2024-10-29T21:49:42","modified_gmt":"2024-10-29T21:49:42","slug":"torino-hyaluronic-acid-serum-4-mw","status":"publish","type":"product","link":"https:\/\/yaycosmetics.com\/sq\/produkt\/torino-hyaluronic-acid-serum-4-mw\/","title":{"rendered":"TORINO \u2013 Serum me Acid Hialuronik 4-fish"},"content":{"rendered":"<p>Nj\u00eb serum i past\u00ebr bazuar n\u00eb 4 acide hialuronike me pesh\u00eb molekulare t\u00eb ndryshme, t\u00eb cilat, t\u00eb kombinuara s\u00eb bashku, veprojn\u00eb n\u00eb shtresa t\u00eb ndryshme t\u00eb epiderm\u00ebs. Siguron l\u00ebkur\u00eb t\u00eb m\u00ebndafsht\u00eb dhe t\u00eb but\u00eb. Ky produkt mund t\u00eb p\u00ebrdoret vet\u00ebm ose n\u00eb kombinim me emulsione p\u00ebr t\u00eb p\u00ebrforcuar efektet hidratuese dhe tonifikuese.<\/p>","protected":false},"excerpt":{"rendered":"<p>Nj\u00eb serum i past\u00ebr bazuar n\u00eb 4 acide hialuronike me pesh\u00eb molekulare t\u00eb ndryshme, t\u00eb cilat, t\u00eb kombinuara s\u00eb bashku, veprojn\u00eb n\u00eb shtresa t\u00eb ndryshme t\u00eb epiderm\u00ebs. Siguron l\u00ebkur\u00eb t\u00eb m\u00ebndafsht\u00eb dhe t\u00eb but\u00eb. Ky produkt mund t\u00eb p\u00ebrdoret vet\u00ebm ose n\u00eb kombinim me emulsione p\u00ebr t\u00eb p\u00ebrforcuar efektet hidratuese dhe tonifikuese.<\/p>\n<p>Si t\u00eb p\u00ebrdoret<\/p>\n<p>Aplikoni n\u00eb fytyr\u00eb t\u00eb past\u00ebr n\u00eb m\u00ebngjes me l\u00ebvizje rrethore deri sa t\u00eb absorbohet plot\u00ebsisht. Ideal si baz\u00eb p\u00ebr make-up.<\/p>","protected":false},"featured_media":449,"comment_status":"open","ping_status":"closed","template":"","meta":{"nf_dc_page":"","om_disable_all_campaigns":false,"_monsterinsights_skip_tracking":false,"_monsterinsights_sitenote_active":false,"_monsterinsights_sitenote_note":"","_monsterinsights_sitenote_category":0},"product_brand":[],"product_cat":[45],"product_tag":[],"class_list":{"0":"post-317","1":"product","2":"type-product","3":"status-publish","4":"has-post-thumbnail","6":"product_cat-serum","8":"first","9":"instock","10":"shipping-taxable","11":"purchasable","12":"product-type-simple","13":"add-to-wishlist-after_add_to_cart"},"yoast_head":"<!-- This site is optimized with the Yoast SEO plugin v27.4 - https:\/\/yoast.com\/product\/yoast-seo-wordpress\/ -->\n<title>TORINO \u2013 Hyaluronic Acid Serum 4 MW - Yay Cosmetics<\/title>\n<meta name=\"robots\" content=\"index, follow, max-snippet:-1, max-image-preview:large, max-video-preview:-1\" \/>\n<link rel=\"canonical\" href=\"https:\/\/yaycosmetics.com\/sq\/produkt\/torino-hyaluronic-acid-serum-4-mw\/\" \/>\n<meta property=\"og:locale\" content=\"sq_AL\" \/>\n<meta property=\"og:type\" content=\"article\" \/>\n<meta property=\"og:title\" content=\"TORINO \u2013 Hyaluronic Acid Serum 4 MW - Yay Cosmetics\" \/>\n<meta property=\"og:description\" content=\"A pure serum based on 4 hyaluronic acids with different molecular weights, which, combined together, act on different layers of the epidermis. It provides silky, smooth skin. This product can be used alone or in combination with emulsions to enhance hydrating and firming effects.  How to Use:  Apply to clean face in the morning with circular movements until fully absorbed. Ideal as a makeup base.\" \/>\n<meta property=\"og:url\" content=\"https:\/\/yaycosmetics.com\/sq\/produkt\/torino-hyaluronic-acid-serum-4-mw\/\" \/>\n<meta property=\"og:site_name\" content=\"Yay Cosmetics\" \/>\n<meta property=\"article:modified_time\" content=\"2024-10-29T21:49:42+00:00\" \/>\n<meta property=\"og:image\" content=\"https:\/\/i0.wp.com\/yaycosmetics.com\/wp-content\/uploads\/2024\/10\/torino_serum.jpg?fit=1000%2C1000&ssl=1\" \/>\n\t<meta property=\"og:image:width\" content=\"1000\" \/>\n\t<meta property=\"og:image:height\" content=\"1000\" \/>\n\t<meta property=\"og:image:type\" content=\"image\/jpeg\" \/>\n<meta name=\"twitter:card\" content=\"summary_large_image\" \/>\n<meta name=\"twitter:label1\" content=\"Est. reading time\" \/>\n\t<meta name=\"twitter:data1\" content=\"1 minut\u00eb\" \/>\n<script type=\"application\/ld+json\" class=\"yoast-schema-graph\">{\"@context\":\"https:\\\/\\\/schema.org\",\"@graph\":[{\"@type\":\"WebPage\",\"@id\":\"https:\\\/\\\/yaycosmetics.com\\\/sq\\\/produkt\\\/torino-hyaluronic-acid-serum-4-mw\\\/\",\"url\":\"https:\\\/\\\/yaycosmetics.com\\\/sq\\\/produkt\\\/torino-hyaluronic-acid-serum-4-mw\\\/\",\"name\":\"TORINO \u2013 Hyaluronic Acid Serum 4 MW - Yay Cosmetics\",\"isPartOf\":{\"@id\":\"https:\\\/\\\/yaycosmetics.com\\\/en\\\/#website\"},\"primaryImageOfPage\":{\"@id\":\"https:\\\/\\\/yaycosmetics.com\\\/sq\\\/produkt\\\/torino-hyaluronic-acid-serum-4-mw\\\/#primaryimage\"},\"image\":{\"@id\":\"https:\\\/\\\/yaycosmetics.com\\\/sq\\\/produkt\\\/torino-hyaluronic-acid-serum-4-mw\\\/#primaryimage\"},\"thumbnailUrl\":\"https:\\\/\\\/i0.wp.com\\\/yaycosmetics.com\\\/wp-content\\\/uploads\\\/2024\\\/10\\\/torino_serum.jpg?fit=1000%2C1000&ssl=1\",\"datePublished\":\"2024-10-20T21:49:58+00:00\",\"dateModified\":\"2024-10-29T21:49:42+00:00\",\"breadcrumb\":{\"@id\":\"https:\\\/\\\/yaycosmetics.com\\\/sq\\\/produkt\\\/torino-hyaluronic-acid-serum-4-mw\\\/#breadcrumb\"},\"inLanguage\":\"sq\",\"potentialAction\":[{\"@type\":\"ReadAction\",\"target\":[\"https:\\\/\\\/yaycosmetics.com\\\/sq\\\/produkt\\\/torino-hyaluronic-acid-serum-4-mw\\\/\"]}]},{\"@type\":\"ImageObject\",\"inLanguage\":\"sq\",\"@id\":\"https:\\\/\\\/yaycosmetics.com\\\/sq\\\/produkt\\\/torino-hyaluronic-acid-serum-4-mw\\\/#primaryimage\",\"url\":\"https:\\\/\\\/i0.wp.com\\\/yaycosmetics.com\\\/wp-content\\\/uploads\\\/2024\\\/10\\\/torino_serum.jpg?fit=1000%2C1000&ssl=1\",\"contentUrl\":\"https:\\\/\\\/i0.wp.com\\\/yaycosmetics.com\\\/wp-content\\\/uploads\\\/2024\\\/10\\\/torino_serum.jpg?fit=1000%2C1000&ssl=1\",\"width\":1000,\"height\":1000},{\"@type\":\"BreadcrumbList\",\"@id\":\"https:\\\/\\\/yaycosmetics.com\\\/sq\\\/produkt\\\/torino-hyaluronic-acid-serum-4-mw\\\/#breadcrumb\",\"itemListElement\":[{\"@type\":\"ListItem\",\"position\":1,\"name\":\"Home\",\"item\":\"https:\\\/\\\/yaycosmetics.com\\\/en\\\/\"},{\"@type\":\"ListItem\",\"position\":2,\"name\":\"Shop\",\"item\":\"https:\\\/\\\/yaycosmetics.com\\\/en\\\/shop\\\/\"},{\"@type\":\"ListItem\",\"position\":3,\"name\":\"TORINO \u2013 Hyaluronic Acid Serum 4 MW\"}]},{\"@type\":\"WebSite\",\"@id\":\"https:\\\/\\\/yaycosmetics.com\\\/en\\\/#website\",\"url\":\"https:\\\/\\\/yaycosmetics.com\\\/en\\\/\",\"name\":\"Yay Cosmetics\",\"description\":\"\",\"potentialAction\":[{\"@type\":\"SearchAction\",\"target\":{\"@type\":\"EntryPoint\",\"urlTemplate\":\"https:\\\/\\\/yaycosmetics.com\\\/en\\\/?s={search_term_string}\"},\"query-input\":{\"@type\":\"PropertyValueSpecification\",\"valueRequired\":true,\"valueName\":\"search_term_string\"}}],\"inLanguage\":\"sq\"}]}<\/script>\n<!-- \/ Yoast SEO plugin. -->","yoast_head_json":{"title":"TORINO \u2013 Hyaluronic Acid Serum 4 MW - Yay Cosmetics","robots":{"index":"index","follow":"follow","max-snippet":"max-snippet:-1","max-image-preview":"max-image-preview:large","max-video-preview":"max-video-preview:-1"},"canonical":"https:\/\/yaycosmetics.com\/sq\/produkt\/torino-hyaluronic-acid-serum-4-mw\/","og_locale":"sq_AL","og_type":"article","og_title":"TORINO \u2013 Hyaluronic Acid Serum 4 MW - Yay Cosmetics","og_description":"A pure serum based on 4 hyaluronic acids with different molecular weights, which, combined together, act on different layers of the epidermis. It provides silky, smooth skin. This product can be used alone or in combination with emulsions to enhance hydrating and firming effects.  How to Use:  Apply to clean face in the morning with circular movements until fully absorbed. Ideal as a makeup base.","og_url":"https:\/\/yaycosmetics.com\/sq\/produkt\/torino-hyaluronic-acid-serum-4-mw\/","og_site_name":"Yay Cosmetics","article_modified_time":"2024-10-29T21:49:42+00:00","og_image":[{"width":1000,"height":1000,"url":"https:\/\/i0.wp.com\/yaycosmetics.com\/wp-content\/uploads\/2024\/10\/torino_serum.jpg?fit=1000%2C1000&ssl=1","type":"image\/jpeg"}],"twitter_card":"summary_large_image","twitter_misc":{"Est. reading time":"1 minut\u00eb"},"schema":{"@context":"https:\/\/schema.org","@graph":[{"@type":"WebPage","@id":"https:\/\/yaycosmetics.com\/sq\/produkt\/torino-hyaluronic-acid-serum-4-mw\/","url":"https:\/\/yaycosmetics.com\/sq\/produkt\/torino-hyaluronic-acid-serum-4-mw\/","name":"TORINO \u2013 Hyaluronic Acid Serum 4 MW - Yay Cosmetics","isPartOf":{"@id":"https:\/\/yaycosmetics.com\/en\/#website"},"primaryImageOfPage":{"@id":"https:\/\/yaycosmetics.com\/sq\/produkt\/torino-hyaluronic-acid-serum-4-mw\/#primaryimage"},"image":{"@id":"https:\/\/yaycosmetics.com\/sq\/produkt\/torino-hyaluronic-acid-serum-4-mw\/#primaryimage"},"thumbnailUrl":"https:\/\/i0.wp.com\/yaycosmetics.com\/wp-content\/uploads\/2024\/10\/torino_serum.jpg?fit=1000%2C1000&ssl=1","datePublished":"2024-10-20T21:49:58+00:00","dateModified":"2024-10-29T21:49:42+00:00","breadcrumb":{"@id":"https:\/\/yaycosmetics.com\/sq\/produkt\/torino-hyaluronic-acid-serum-4-mw\/#breadcrumb"},"inLanguage":"sq","potentialAction":[{"@type":"ReadAction","target":["https:\/\/yaycosmetics.com\/sq\/produkt\/torino-hyaluronic-acid-serum-4-mw\/"]}]},{"@type":"ImageObject","inLanguage":"sq","@id":"https:\/\/yaycosmetics.com\/sq\/produkt\/torino-hyaluronic-acid-serum-4-mw\/#primaryimage","url":"https:\/\/i0.wp.com\/yaycosmetics.com\/wp-content\/uploads\/2024\/10\/torino_serum.jpg?fit=1000%2C1000&ssl=1","contentUrl":"https:\/\/i0.wp.com\/yaycosmetics.com\/wp-content\/uploads\/2024\/10\/torino_serum.jpg?fit=1000%2C1000&ssl=1","width":1000,"height":1000},{"@type":"BreadcrumbList","@id":"https:\/\/yaycosmetics.com\/sq\/produkt\/torino-hyaluronic-acid-serum-4-mw\/#breadcrumb","itemListElement":[{"@type":"ListItem","position":1,"name":"Home","item":"https:\/\/yaycosmetics.com\/en\/"},{"@type":"ListItem","position":2,"name":"Shop","item":"https:\/\/yaycosmetics.com\/en\/shop\/"},{"@type":"ListItem","position":3,"name":"TORINO \u2013 Hyaluronic Acid Serum 4 MW"}]},{"@type":"WebSite","@id":"https:\/\/yaycosmetics.com\/en\/#website","url":"https:\/\/yaycosmetics.com\/en\/","name":"Yay Cosmetics","description":"","potentialAction":[{"@type":"SearchAction","target":{"@type":"EntryPoint","urlTemplate":"https:\/\/yaycosmetics.com\/en\/?s={search_term_string}"},"query-input":{"@type":"PropertyValueSpecification","valueRequired":true,"valueName":"search_term_string"}}],"inLanguage":"sq"}]}},"jetpack_sharing_enabled":true,"_links":{"self":[{"href":"https:\/\/yaycosmetics.com\/sq\/wp-json\/wp\/v2\/product\/317","targetHints":{"allow":["GET"]}}],"collection":[{"href":"https:\/\/yaycosmetics.com\/sq\/wp-json\/wp\/v2\/product"}],"about":[{"href":"https:\/\/yaycosmetics.com\/sq\/wp-json\/wp\/v2\/types\/product"}],"replies":[{"embeddable":true,"href":"https:\/\/yaycosmetics.com\/sq\/wp-json\/wp\/v2\/comments?post=317"}],"wp:featuredmedia":[{"embeddable":true,"href":"https:\/\/yaycosmetics.com\/sq\/wp-json\/wp\/v2\/media\/449"}],"wp:attachment":[{"href":"https:\/\/yaycosmetics.com\/sq\/wp-json\/wp\/v2\/media?parent=317"}],"wp:term":[{"taxonomy":"product_brand","embeddable":true,"href":"https:\/\/yaycosmetics.com\/sq\/wp-json\/wp\/v2\/product_brand?post=317"},{"taxonomy":"product_cat","embeddable":true,"href":"https:\/\/yaycosmetics.com\/sq\/wp-json\/wp\/v2\/product_cat?post=317"},{"taxonomy":"product_tag","embeddable":true,"href":"https:\/\/yaycosmetics.com\/sq\/wp-json\/wp\/v2\/product_tag?post=317"}],"curies":[{"name":"wp","href":"https:\/\/api.w.org\/{rel}","templated":true}]}}