{"id":320,"date":"2024-10-20T21:56:42","date_gmt":"2024-10-20T21:56:42","guid":{"rendered":"https:\/\/yaycosmetics.com\/?post_type=product&#038;p=320"},"modified":"2024-10-29T21:44:54","modified_gmt":"2024-10-29T21:44:54","slug":"tokyo-pure-snail-slime-serum","status":"publish","type":"product","link":"https:\/\/yaycosmetics.com\/sq\/produkt\/tokyo-pure-snail-slime-serum\/","title":{"rendered":"TOKYO \u2013 Serum me Mukus K\u00ebrmilli t\u00eb Past\u00ebr"},"content":{"rendered":"<p>Nj\u00eb koncentrat bukurie bazuar n\u00eb 97% filtrat t\u00eb past\u00ebr t\u00eb sekrecionit t\u00eb k\u00ebrmillit, i pasur me mukopolisaharide, t\u00eb cilat ofrojn\u00eb veti mbrojt\u00ebse, hidratuese dhe formuese t\u00eb filmit.<\/p>\n<p><strong>Si t\u00eb p\u00ebrdoret<\/strong><\/p>\n<p>Produktin mund ta p\u00ebrdorni vet\u00ebm ose t\u00eb kombinohet me nj\u00eb krem fytyre si p\u00ebrforcues i hidratimit dhe elasticitetit. Aplikoni mbi l\u00ebkur\u00eb t\u00eb past\u00ebr dhe masazhoni deri sa t\u00eb absorbohet plot\u00ebsisht.<\/p>","protected":false},"excerpt":{"rendered":"<p>Nj\u00eb koncentrat bukurie bazuar n\u00eb 97% filtrat t\u00eb past\u00ebr t\u00eb sekrecionit t\u00eb k\u00ebrmillit, i pasur me mukopolisaharide, t\u00eb cilat ofrojn\u00eb veti mbrojt\u00ebse, hidratuese dhe formuese t\u00eb filmit.<\/p>","protected":false},"featured_media":446,"comment_status":"open","ping_status":"closed","template":"","meta":{"nf_dc_page":"","om_disable_all_campaigns":false,"_monsterinsights_skip_tracking":false,"_monsterinsights_sitenote_active":false,"_monsterinsights_sitenote_note":"","_monsterinsights_sitenote_category":0},"product_brand":[],"product_cat":[45],"product_tag":[],"class_list":{"0":"post-320","1":"product","2":"type-product","3":"status-publish","4":"has-post-thumbnail","6":"product_cat-serum","8":"first","9":"instock","10":"shipping-taxable","11":"purchasable","12":"product-type-simple","13":"add-to-wishlist-after_add_to_cart"},"yoast_head":"<!-- This site is optimized with the Yoast SEO plugin v27.4 - https:\/\/yoast.com\/product\/yoast-seo-wordpress\/ -->\n<title>TOKYO \u2013 Pure Snail Slime Serum - Yay Cosmetics<\/title>\n<meta name=\"robots\" content=\"index, follow, max-snippet:-1, max-image-preview:large, max-video-preview:-1\" \/>\n<link rel=\"canonical\" href=\"https:\/\/yaycosmetics.com\/sq\/produkt\/tokyo-pure-snail-slime-serum\/\" \/>\n<meta property=\"og:locale\" content=\"sq_AL\" \/>\n<meta property=\"og:type\" content=\"article\" \/>\n<meta property=\"og:title\" content=\"TOKYO \u2013 Pure Snail Slime Serum - Yay Cosmetics\" \/>\n<meta property=\"og:description\" content=\"A beauty concentrate based on 97% pure snail secretion filtrate, rich in mucopolysaccharides, which provide protective, hydrating, and film-forming properties.\" \/>\n<meta property=\"og:url\" content=\"https:\/\/yaycosmetics.com\/sq\/produkt\/tokyo-pure-snail-slime-serum\/\" \/>\n<meta property=\"og:site_name\" content=\"Yay Cosmetics\" \/>\n<meta property=\"article:modified_time\" content=\"2024-10-29T21:44:54+00:00\" \/>\n<meta property=\"og:image\" content=\"https:\/\/i0.wp.com\/yaycosmetics.com\/wp-content\/uploads\/2024\/10\/tokyo_serum.jpg?fit=1000%2C1000&ssl=1\" \/>\n\t<meta property=\"og:image:width\" content=\"1000\" \/>\n\t<meta property=\"og:image:height\" content=\"1000\" \/>\n\t<meta property=\"og:image:type\" content=\"image\/jpeg\" \/>\n<meta name=\"twitter:card\" content=\"summary_large_image\" \/>\n<meta name=\"twitter:label1\" content=\"Est. reading time\" \/>\n\t<meta name=\"twitter:data1\" content=\"1 minut\u00eb\" \/>\n<script type=\"application\/ld+json\" class=\"yoast-schema-graph\">{\"@context\":\"https:\\\/\\\/schema.org\",\"@graph\":[{\"@type\":\"WebPage\",\"@id\":\"https:\\\/\\\/yaycosmetics.com\\\/en\\\/product\\\/tokyo-pure-snail-slime-serum\\\/\",\"url\":\"https:\\\/\\\/yaycosmetics.com\\\/en\\\/product\\\/tokyo-pure-snail-slime-serum\\\/\",\"name\":\"TOKYO \u2013 Pure Snail Slime Serum - Yay Cosmetics\",\"isPartOf\":{\"@id\":\"https:\\\/\\\/yaycosmetics.com\\\/en\\\/#website\"},\"primaryImageOfPage\":{\"@id\":\"https:\\\/\\\/yaycosmetics.com\\\/en\\\/product\\\/tokyo-pure-snail-slime-serum\\\/#primaryimage\"},\"image\":{\"@id\":\"https:\\\/\\\/yaycosmetics.com\\\/en\\\/product\\\/tokyo-pure-snail-slime-serum\\\/#primaryimage\"},\"thumbnailUrl\":\"https:\\\/\\\/i0.wp.com\\\/yaycosmetics.com\\\/wp-content\\\/uploads\\\/2024\\\/10\\\/tokyo_serum.jpg?fit=1000%2C1000&ssl=1\",\"datePublished\":\"2024-10-20T21:56:42+00:00\",\"dateModified\":\"2024-10-29T21:44:54+00:00\",\"breadcrumb\":{\"@id\":\"https:\\\/\\\/yaycosmetics.com\\\/en\\\/product\\\/tokyo-pure-snail-slime-serum\\\/#breadcrumb\"},\"inLanguage\":\"sq\",\"potentialAction\":[{\"@type\":\"ReadAction\",\"target\":[\"https:\\\/\\\/yaycosmetics.com\\\/en\\\/product\\\/tokyo-pure-snail-slime-serum\\\/\"]}]},{\"@type\":\"ImageObject\",\"inLanguage\":\"sq\",\"@id\":\"https:\\\/\\\/yaycosmetics.com\\\/en\\\/product\\\/tokyo-pure-snail-slime-serum\\\/#primaryimage\",\"url\":\"https:\\\/\\\/i0.wp.com\\\/yaycosmetics.com\\\/wp-content\\\/uploads\\\/2024\\\/10\\\/tokyo_serum.jpg?fit=1000%2C1000&ssl=1\",\"contentUrl\":\"https:\\\/\\\/i0.wp.com\\\/yaycosmetics.com\\\/wp-content\\\/uploads\\\/2024\\\/10\\\/tokyo_serum.jpg?fit=1000%2C1000&ssl=1\",\"width\":1000,\"height\":1000},{\"@type\":\"BreadcrumbList\",\"@id\":\"https:\\\/\\\/yaycosmetics.com\\\/en\\\/product\\\/tokyo-pure-snail-slime-serum\\\/#breadcrumb\",\"itemListElement\":[{\"@type\":\"ListItem\",\"position\":1,\"name\":\"Home\",\"item\":\"https:\\\/\\\/yaycosmetics.com\\\/en\\\/\"},{\"@type\":\"ListItem\",\"position\":2,\"name\":\"Shop\",\"item\":\"https:\\\/\\\/yaycosmetics.com\\\/en\\\/shop\\\/\"},{\"@type\":\"ListItem\",\"position\":3,\"name\":\"TOKYO \u2013 Pure Snail Slime Serum\"}]},{\"@type\":\"WebSite\",\"@id\":\"https:\\\/\\\/yaycosmetics.com\\\/en\\\/#website\",\"url\":\"https:\\\/\\\/yaycosmetics.com\\\/en\\\/\",\"name\":\"Yay Cosmetics\",\"description\":\"\",\"potentialAction\":[{\"@type\":\"SearchAction\",\"target\":{\"@type\":\"EntryPoint\",\"urlTemplate\":\"https:\\\/\\\/yaycosmetics.com\\\/en\\\/?s={search_term_string}\"},\"query-input\":{\"@type\":\"PropertyValueSpecification\",\"valueRequired\":true,\"valueName\":\"search_term_string\"}}],\"inLanguage\":\"sq\"}]}<\/script>\n<!-- \/ Yoast SEO plugin. -->","yoast_head_json":{"title":"TOKYO \u2013 Pure Snail Slime Serum - Yay Cosmetics","robots":{"index":"index","follow":"follow","max-snippet":"max-snippet:-1","max-image-preview":"max-image-preview:large","max-video-preview":"max-video-preview:-1"},"canonical":"https:\/\/yaycosmetics.com\/sq\/produkt\/tokyo-pure-snail-slime-serum\/","og_locale":"sq_AL","og_type":"article","og_title":"TOKYO \u2013 Pure Snail Slime Serum - Yay Cosmetics","og_description":"A beauty concentrate based on 97% pure snail secretion filtrate, rich in mucopolysaccharides, which provide protective, hydrating, and film-forming properties.","og_url":"https:\/\/yaycosmetics.com\/sq\/produkt\/tokyo-pure-snail-slime-serum\/","og_site_name":"Yay Cosmetics","article_modified_time":"2024-10-29T21:44:54+00:00","og_image":[{"width":1000,"height":1000,"url":"https:\/\/i0.wp.com\/yaycosmetics.com\/wp-content\/uploads\/2024\/10\/tokyo_serum.jpg?fit=1000%2C1000&ssl=1","type":"image\/jpeg"}],"twitter_card":"summary_large_image","twitter_misc":{"Est. reading time":"1 minut\u00eb"},"schema":{"@context":"https:\/\/schema.org","@graph":[{"@type":"WebPage","@id":"https:\/\/yaycosmetics.com\/en\/product\/tokyo-pure-snail-slime-serum\/","url":"https:\/\/yaycosmetics.com\/en\/product\/tokyo-pure-snail-slime-serum\/","name":"TOKYO \u2013 Pure Snail Slime Serum - Yay Cosmetics","isPartOf":{"@id":"https:\/\/yaycosmetics.com\/en\/#website"},"primaryImageOfPage":{"@id":"https:\/\/yaycosmetics.com\/en\/product\/tokyo-pure-snail-slime-serum\/#primaryimage"},"image":{"@id":"https:\/\/yaycosmetics.com\/en\/product\/tokyo-pure-snail-slime-serum\/#primaryimage"},"thumbnailUrl":"https:\/\/i0.wp.com\/yaycosmetics.com\/wp-content\/uploads\/2024\/10\/tokyo_serum.jpg?fit=1000%2C1000&ssl=1","datePublished":"2024-10-20T21:56:42+00:00","dateModified":"2024-10-29T21:44:54+00:00","breadcrumb":{"@id":"https:\/\/yaycosmetics.com\/en\/product\/tokyo-pure-snail-slime-serum\/#breadcrumb"},"inLanguage":"sq","potentialAction":[{"@type":"ReadAction","target":["https:\/\/yaycosmetics.com\/en\/product\/tokyo-pure-snail-slime-serum\/"]}]},{"@type":"ImageObject","inLanguage":"sq","@id":"https:\/\/yaycosmetics.com\/en\/product\/tokyo-pure-snail-slime-serum\/#primaryimage","url":"https:\/\/i0.wp.com\/yaycosmetics.com\/wp-content\/uploads\/2024\/10\/tokyo_serum.jpg?fit=1000%2C1000&ssl=1","contentUrl":"https:\/\/i0.wp.com\/yaycosmetics.com\/wp-content\/uploads\/2024\/10\/tokyo_serum.jpg?fit=1000%2C1000&ssl=1","width":1000,"height":1000},{"@type":"BreadcrumbList","@id":"https:\/\/yaycosmetics.com\/en\/product\/tokyo-pure-snail-slime-serum\/#breadcrumb","itemListElement":[{"@type":"ListItem","position":1,"name":"Home","item":"https:\/\/yaycosmetics.com\/en\/"},{"@type":"ListItem","position":2,"name":"Shop","item":"https:\/\/yaycosmetics.com\/en\/shop\/"},{"@type":"ListItem","position":3,"name":"TOKYO \u2013 Pure Snail Slime Serum"}]},{"@type":"WebSite","@id":"https:\/\/yaycosmetics.com\/en\/#website","url":"https:\/\/yaycosmetics.com\/en\/","name":"Yay Cosmetics","description":"","potentialAction":[{"@type":"SearchAction","target":{"@type":"EntryPoint","urlTemplate":"https:\/\/yaycosmetics.com\/en\/?s={search_term_string}"},"query-input":{"@type":"PropertyValueSpecification","valueRequired":true,"valueName":"search_term_string"}}],"inLanguage":"sq"}]}},"jetpack_sharing_enabled":true,"_links":{"self":[{"href":"https:\/\/yaycosmetics.com\/sq\/wp-json\/wp\/v2\/product\/320","targetHints":{"allow":["GET"]}}],"collection":[{"href":"https:\/\/yaycosmetics.com\/sq\/wp-json\/wp\/v2\/product"}],"about":[{"href":"https:\/\/yaycosmetics.com\/sq\/wp-json\/wp\/v2\/types\/product"}],"replies":[{"embeddable":true,"href":"https:\/\/yaycosmetics.com\/sq\/wp-json\/wp\/v2\/comments?post=320"}],"wp:featuredmedia":[{"embeddable":true,"href":"https:\/\/yaycosmetics.com\/sq\/wp-json\/wp\/v2\/media\/446"}],"wp:attachment":[{"href":"https:\/\/yaycosmetics.com\/sq\/wp-json\/wp\/v2\/media?parent=320"}],"wp:term":[{"taxonomy":"product_brand","embeddable":true,"href":"https:\/\/yaycosmetics.com\/sq\/wp-json\/wp\/v2\/product_brand?post=320"},{"taxonomy":"product_cat","embeddable":true,"href":"https:\/\/yaycosmetics.com\/sq\/wp-json\/wp\/v2\/product_cat?post=320"},{"taxonomy":"product_tag","embeddable":true,"href":"https:\/\/yaycosmetics.com\/sq\/wp-json\/wp\/v2\/product_tag?post=320"}],"curies":[{"name":"wp","href":"https:\/\/api.w.org\/{rel}","templated":true}]}}