{"id":324,"date":"2024-10-20T22:07:13","date_gmt":"2024-10-20T22:07:13","guid":{"rendered":"https:\/\/yaycosmetics.com\/?post_type=product&#038;p=324"},"modified":"2024-10-29T21:37:05","modified_gmt":"2024-10-29T21:37:05","slug":"marrakech-argan-stem-cell-cream","status":"publish","type":"product","link":"https:\/\/yaycosmetics.com\/sq\/produkt\/marrakech-argan-stem-cell-cream\/","title":{"rendered":"MARRAKECH \u2013 Krem me Qeliza Staminale Argani"},"content":{"rendered":"<p>Nj\u00eb emulsion mbrojt\u00ebs dhe ushqyes, i p\u00ebrshtatsh\u00ebm p\u00ebr mbrojtje gjat\u00eb dit\u00ebs kund\u00ebr faktor\u00ebve t\u00eb jasht\u00ebm dhe p\u00ebr kujdes riparues n\u00eb mbr\u00ebmje. Qelizat burimore bimore n\u00eb produkt kan\u00eb efekt rip\u00ebrt\u00ebrit\u00ebs, nd\u00ebrsa acidi hialuronik siguron hidratim dhe p\u00ebrmir\u00ebson elasticitetin dhe tonin e l\u00ebkur\u00ebs.<\/p>\n<p><strong>Si t\u00eb p\u00ebrdoret<\/strong><\/p>\n<p>Aplikoni si n\u00eb m\u00ebngjes ashtu edhe n\u00eb mbr\u00ebmje pas pastrimit t\u00eb plot\u00eb t\u00eb l\u00ebkur\u00ebs.<\/p>","protected":false},"excerpt":{"rendered":"<p>Nj\u00eb emulsion mbrojt\u00ebs dhe ushqyes, i p\u00ebrshtatsh\u00ebm p\u00ebr mbrojtje gjat\u00eb dit\u00ebs kund\u00ebr faktor\u00ebve t\u00eb jasht\u00ebm dhe p\u00ebr kujdes riparues n\u00eb mbr\u00ebmje. Qelizat burimore bimore n\u00eb produkt kan\u00eb efekt rip\u00ebrt\u00ebrit\u00ebs, nd\u00ebrsa acidi hialuronik siguron hidratim dhe p\u00ebrmir\u00ebson elasticitetin dhe tonin e l\u00ebkur\u00ebs.<\/p>","protected":false},"featured_media":442,"comment_status":"open","ping_status":"closed","template":"","meta":{"nf_dc_page":"","om_disable_all_campaigns":false,"_monsterinsights_skip_tracking":false,"_monsterinsights_sitenote_active":false,"_monsterinsights_sitenote_note":"","_monsterinsights_sitenote_category":0},"product_brand":[],"product_cat":[46],"product_tag":[],"class_list":{"0":"post-324","1":"product","2":"type-product","3":"status-publish","4":"has-post-thumbnail","6":"product_cat-cream","8":"first","9":"instock","10":"shipping-taxable","11":"purchasable","12":"product-type-simple","13":"add-to-wishlist-after_add_to_cart"},"yoast_head":"<!-- This site is optimized with the Yoast SEO plugin v27.4 - https:\/\/yoast.com\/product\/yoast-seo-wordpress\/ -->\n<title>MARRAKECH \u2013 Argan Stem Cell Cream - Yay Cosmetics<\/title>\n<meta name=\"robots\" content=\"index, follow, max-snippet:-1, max-image-preview:large, max-video-preview:-1\" \/>\n<link rel=\"canonical\" href=\"https:\/\/yaycosmetics.com\/sq\/produkt\/marrakech-argan-stem-cell-cream\/\" \/>\n<meta property=\"og:locale\" content=\"sq_AL\" \/>\n<meta property=\"og:type\" content=\"article\" \/>\n<meta property=\"og:title\" content=\"MARRAKECH \u2013 Argan Stem Cell Cream - Yay Cosmetics\" \/>\n<meta property=\"og:description\" content=\"A protective and nourishing emulsion suitable for daytime protection against external aggressors and for evening reparative care. The plant stem cells in the product have a restructuring effect, while hyaluronic acid provides hydration and improves skin elasticity and tone.\" \/>\n<meta property=\"og:url\" content=\"https:\/\/yaycosmetics.com\/sq\/produkt\/marrakech-argan-stem-cell-cream\/\" \/>\n<meta property=\"og:site_name\" content=\"Yay Cosmetics\" \/>\n<meta property=\"article:modified_time\" content=\"2024-10-29T21:37:05+00:00\" \/>\n<meta property=\"og:image\" content=\"https:\/\/i0.wp.com\/yaycosmetics.com\/wp-content\/uploads\/2024\/10\/marrakech_cream.jpg?fit=1000%2C1000&ssl=1\" \/>\n\t<meta property=\"og:image:width\" content=\"1000\" \/>\n\t<meta property=\"og:image:height\" content=\"1000\" \/>\n\t<meta property=\"og:image:type\" content=\"image\/jpeg\" \/>\n<meta name=\"twitter:card\" content=\"summary_large_image\" \/>\n<meta name=\"twitter:label1\" content=\"Est. reading time\" \/>\n\t<meta name=\"twitter:data1\" content=\"1 minut\u00eb\" \/>\n<script type=\"application\/ld+json\" class=\"yoast-schema-graph\">{\"@context\":\"https:\\\/\\\/schema.org\",\"@graph\":[{\"@type\":\"WebPage\",\"@id\":\"https:\\\/\\\/yaycosmetics.com\\\/sq\\\/produkt\\\/marrakech-argan-stem-cell-cream\\\/\",\"url\":\"https:\\\/\\\/yaycosmetics.com\\\/sq\\\/produkt\\\/marrakech-argan-stem-cell-cream\\\/\",\"name\":\"MARRAKECH \u2013 Argan Stem Cell Cream - Yay Cosmetics\",\"isPartOf\":{\"@id\":\"https:\\\/\\\/yaycosmetics.com\\\/en\\\/#website\"},\"primaryImageOfPage\":{\"@id\":\"https:\\\/\\\/yaycosmetics.com\\\/sq\\\/produkt\\\/marrakech-argan-stem-cell-cream\\\/#primaryimage\"},\"image\":{\"@id\":\"https:\\\/\\\/yaycosmetics.com\\\/sq\\\/produkt\\\/marrakech-argan-stem-cell-cream\\\/#primaryimage\"},\"thumbnailUrl\":\"https:\\\/\\\/i0.wp.com\\\/yaycosmetics.com\\\/wp-content\\\/uploads\\\/2024\\\/10\\\/marrakech_cream.jpg?fit=1000%2C1000&ssl=1\",\"datePublished\":\"2024-10-20T22:07:13+00:00\",\"dateModified\":\"2024-10-29T21:37:05+00:00\",\"breadcrumb\":{\"@id\":\"https:\\\/\\\/yaycosmetics.com\\\/sq\\\/produkt\\\/marrakech-argan-stem-cell-cream\\\/#breadcrumb\"},\"inLanguage\":\"sq\",\"potentialAction\":[{\"@type\":\"ReadAction\",\"target\":[\"https:\\\/\\\/yaycosmetics.com\\\/sq\\\/produkt\\\/marrakech-argan-stem-cell-cream\\\/\"]}]},{\"@type\":\"ImageObject\",\"inLanguage\":\"sq\",\"@id\":\"https:\\\/\\\/yaycosmetics.com\\\/sq\\\/produkt\\\/marrakech-argan-stem-cell-cream\\\/#primaryimage\",\"url\":\"https:\\\/\\\/i0.wp.com\\\/yaycosmetics.com\\\/wp-content\\\/uploads\\\/2024\\\/10\\\/marrakech_cream.jpg?fit=1000%2C1000&ssl=1\",\"contentUrl\":\"https:\\\/\\\/i0.wp.com\\\/yaycosmetics.com\\\/wp-content\\\/uploads\\\/2024\\\/10\\\/marrakech_cream.jpg?fit=1000%2C1000&ssl=1\",\"width\":1000,\"height\":1000},{\"@type\":\"BreadcrumbList\",\"@id\":\"https:\\\/\\\/yaycosmetics.com\\\/sq\\\/produkt\\\/marrakech-argan-stem-cell-cream\\\/#breadcrumb\",\"itemListElement\":[{\"@type\":\"ListItem\",\"position\":1,\"name\":\"Home\",\"item\":\"https:\\\/\\\/yaycosmetics.com\\\/en\\\/\"},{\"@type\":\"ListItem\",\"position\":2,\"name\":\"Shop\",\"item\":\"https:\\\/\\\/yaycosmetics.com\\\/en\\\/shop\\\/\"},{\"@type\":\"ListItem\",\"position\":3,\"name\":\"MARRAKECH \u2013 Argan Stem Cell Cream\"}]},{\"@type\":\"WebSite\",\"@id\":\"https:\\\/\\\/yaycosmetics.com\\\/en\\\/#website\",\"url\":\"https:\\\/\\\/yaycosmetics.com\\\/en\\\/\",\"name\":\"Yay Cosmetics\",\"description\":\"\",\"potentialAction\":[{\"@type\":\"SearchAction\",\"target\":{\"@type\":\"EntryPoint\",\"urlTemplate\":\"https:\\\/\\\/yaycosmetics.com\\\/en\\\/?s={search_term_string}\"},\"query-input\":{\"@type\":\"PropertyValueSpecification\",\"valueRequired\":true,\"valueName\":\"search_term_string\"}}],\"inLanguage\":\"sq\"}]}<\/script>\n<!-- \/ Yoast SEO plugin. -->","yoast_head_json":{"title":"MARRAKECH \u2013 Argan Stem Cell Cream - Yay Cosmetics","robots":{"index":"index","follow":"follow","max-snippet":"max-snippet:-1","max-image-preview":"max-image-preview:large","max-video-preview":"max-video-preview:-1"},"canonical":"https:\/\/yaycosmetics.com\/sq\/produkt\/marrakech-argan-stem-cell-cream\/","og_locale":"sq_AL","og_type":"article","og_title":"MARRAKECH \u2013 Argan Stem Cell Cream - Yay Cosmetics","og_description":"A protective and nourishing emulsion suitable for daytime protection against external aggressors and for evening reparative care. The plant stem cells in the product have a restructuring effect, while hyaluronic acid provides hydration and improves skin elasticity and tone.","og_url":"https:\/\/yaycosmetics.com\/sq\/produkt\/marrakech-argan-stem-cell-cream\/","og_site_name":"Yay Cosmetics","article_modified_time":"2024-10-29T21:37:05+00:00","og_image":[{"width":1000,"height":1000,"url":"https:\/\/i0.wp.com\/yaycosmetics.com\/wp-content\/uploads\/2024\/10\/marrakech_cream.jpg?fit=1000%2C1000&ssl=1","type":"image\/jpeg"}],"twitter_card":"summary_large_image","twitter_misc":{"Est. reading time":"1 minut\u00eb"},"schema":{"@context":"https:\/\/schema.org","@graph":[{"@type":"WebPage","@id":"https:\/\/yaycosmetics.com\/sq\/produkt\/marrakech-argan-stem-cell-cream\/","url":"https:\/\/yaycosmetics.com\/sq\/produkt\/marrakech-argan-stem-cell-cream\/","name":"MARRAKECH \u2013 Argan Stem Cell Cream - Yay Cosmetics","isPartOf":{"@id":"https:\/\/yaycosmetics.com\/en\/#website"},"primaryImageOfPage":{"@id":"https:\/\/yaycosmetics.com\/sq\/produkt\/marrakech-argan-stem-cell-cream\/#primaryimage"},"image":{"@id":"https:\/\/yaycosmetics.com\/sq\/produkt\/marrakech-argan-stem-cell-cream\/#primaryimage"},"thumbnailUrl":"https:\/\/i0.wp.com\/yaycosmetics.com\/wp-content\/uploads\/2024\/10\/marrakech_cream.jpg?fit=1000%2C1000&ssl=1","datePublished":"2024-10-20T22:07:13+00:00","dateModified":"2024-10-29T21:37:05+00:00","breadcrumb":{"@id":"https:\/\/yaycosmetics.com\/sq\/produkt\/marrakech-argan-stem-cell-cream\/#breadcrumb"},"inLanguage":"sq","potentialAction":[{"@type":"ReadAction","target":["https:\/\/yaycosmetics.com\/sq\/produkt\/marrakech-argan-stem-cell-cream\/"]}]},{"@type":"ImageObject","inLanguage":"sq","@id":"https:\/\/yaycosmetics.com\/sq\/produkt\/marrakech-argan-stem-cell-cream\/#primaryimage","url":"https:\/\/i0.wp.com\/yaycosmetics.com\/wp-content\/uploads\/2024\/10\/marrakech_cream.jpg?fit=1000%2C1000&ssl=1","contentUrl":"https:\/\/i0.wp.com\/yaycosmetics.com\/wp-content\/uploads\/2024\/10\/marrakech_cream.jpg?fit=1000%2C1000&ssl=1","width":1000,"height":1000},{"@type":"BreadcrumbList","@id":"https:\/\/yaycosmetics.com\/sq\/produkt\/marrakech-argan-stem-cell-cream\/#breadcrumb","itemListElement":[{"@type":"ListItem","position":1,"name":"Home","item":"https:\/\/yaycosmetics.com\/en\/"},{"@type":"ListItem","position":2,"name":"Shop","item":"https:\/\/yaycosmetics.com\/en\/shop\/"},{"@type":"ListItem","position":3,"name":"MARRAKECH \u2013 Argan Stem Cell Cream"}]},{"@type":"WebSite","@id":"https:\/\/yaycosmetics.com\/en\/#website","url":"https:\/\/yaycosmetics.com\/en\/","name":"Yay Cosmetics","description":"","potentialAction":[{"@type":"SearchAction","target":{"@type":"EntryPoint","urlTemplate":"https:\/\/yaycosmetics.com\/en\/?s={search_term_string}"},"query-input":{"@type":"PropertyValueSpecification","valueRequired":true,"valueName":"search_term_string"}}],"inLanguage":"sq"}]}},"jetpack_sharing_enabled":true,"_links":{"self":[{"href":"https:\/\/yaycosmetics.com\/sq\/wp-json\/wp\/v2\/product\/324","targetHints":{"allow":["GET"]}}],"collection":[{"href":"https:\/\/yaycosmetics.com\/sq\/wp-json\/wp\/v2\/product"}],"about":[{"href":"https:\/\/yaycosmetics.com\/sq\/wp-json\/wp\/v2\/types\/product"}],"replies":[{"embeddable":true,"href":"https:\/\/yaycosmetics.com\/sq\/wp-json\/wp\/v2\/comments?post=324"}],"wp:featuredmedia":[{"embeddable":true,"href":"https:\/\/yaycosmetics.com\/sq\/wp-json\/wp\/v2\/media\/442"}],"wp:attachment":[{"href":"https:\/\/yaycosmetics.com\/sq\/wp-json\/wp\/v2\/media?parent=324"}],"wp:term":[{"taxonomy":"product_brand","embeddable":true,"href":"https:\/\/yaycosmetics.com\/sq\/wp-json\/wp\/v2\/product_brand?post=324"},{"taxonomy":"product_cat","embeddable":true,"href":"https:\/\/yaycosmetics.com\/sq\/wp-json\/wp\/v2\/product_cat?post=324"},{"taxonomy":"product_tag","embeddable":true,"href":"https:\/\/yaycosmetics.com\/sq\/wp-json\/wp\/v2\/product_tag?post=324"}],"curies":[{"name":"wp","href":"https:\/\/api.w.org\/{rel}","templated":true}]}}