{"id":327,"date":"2024-10-20T22:11:41","date_gmt":"2024-10-20T22:11:41","guid":{"rendered":"https:\/\/yaycosmetics.com\/?post_type=product&#038;p=327"},"modified":"2024-10-29T21:38:45","modified_gmt":"2024-10-29T21:38:45","slug":"supreme-cream-with-4pm-hyaluronic-acid-and-snail-slime","status":"publish","type":"product","link":"https:\/\/yaycosmetics.com\/sq\/produkt\/supreme-cream-with-4pm-hyaluronic-acid-and-snail-slime\/","title":{"rendered":"SUPREME \u2013 Krem me Acid Hialuronik 4PM dhe Mukus K\u00ebrmilli"},"content":{"rendered":"<p>Nj\u00eb krem shum\u00eb ushqyes kund\u00ebr plakjes, i pasur dhe but\u00ebsues. Siguron hidratim t\u00eb thell\u00eb dhe rigjenerim p\u00ebrmes veprimit t\u00eb kombinuar t\u00eb kat\u00ebr acideve hialuronike dhe filtratit t\u00eb sekrecionit t\u00eb k\u00ebrmillit. Ekstrakti i lulelindjes zbut dhe ushqen l\u00ebkur\u00ebn, nd\u00ebrsa gjalpi shea dhe vaji i far\u00ebs s\u00eb rrushit e l\u00ebn\u00eb at\u00eb t\u00eb but\u00eb dhe t\u00eb ndritshme.<\/p>\n<p><strong>Si t\u00eb p\u00ebrdoret<\/strong><\/p>\n<p>Shp\u00ebrndani n\u00eb m\u00ebnyr\u00eb t\u00eb barabart\u00eb mbi fytyr\u00eb, qaf\u00eb dhe dekolte.<\/p>","protected":false},"excerpt":{"rendered":"<p>Nj\u00eb krem shum\u00eb ushqyes kund\u00ebr plakjes, i pasur dhe but\u00ebsues. Siguron hidratim t\u00eb thell\u00eb dhe rigjenerim p\u00ebrmes veprimit t\u00eb kombinuar t\u00eb kat\u00ebr acideve hialuronike dhe filtratit t\u00eb sekrecionit t\u00eb k\u00ebrmillit. Ekstrakti i lulelindjes zbut dhe ushqen l\u00ebkur\u00ebn, nd\u00ebrsa gjalpi shea dhe vaji i far\u00ebs s\u00eb rrushit e l\u00ebn\u00eb at\u00eb t\u00eb but\u00eb dhe t\u00eb ndritshme.<\/p>","protected":false},"featured_media":444,"comment_status":"open","ping_status":"closed","template":"","meta":{"nf_dc_page":"","om_disable_all_campaigns":false,"_monsterinsights_skip_tracking":false,"_monsterinsights_sitenote_active":false,"_monsterinsights_sitenote_note":"","_monsterinsights_sitenote_category":0},"product_brand":[],"product_cat":[46],"product_tag":[],"class_list":{"0":"post-327","1":"product","2":"type-product","3":"status-publish","4":"has-post-thumbnail","6":"product_cat-cream","8":"first","9":"instock","10":"shipping-taxable","11":"purchasable","12":"product-type-simple","13":"add-to-wishlist-after_add_to_cart"},"yoast_head":"<!-- This site is optimized with the Yoast SEO plugin v27.4 - https:\/\/yoast.com\/product\/yoast-seo-wordpress\/ -->\n<title>SUPREME \u2013 Cream with 4PM hyaluronic acid and snail slime - Yay Cosmetics<\/title>\n<meta name=\"robots\" content=\"index, follow, max-snippet:-1, max-image-preview:large, max-video-preview:-1\" \/>\n<link rel=\"canonical\" href=\"https:\/\/yaycosmetics.com\/sq\/produkt\/supreme-cream-with-4pm-hyaluronic-acid-and-snail-slime\/\" \/>\n<meta property=\"og:locale\" content=\"sq_AL\" \/>\n<meta property=\"og:type\" content=\"article\" \/>\n<meta property=\"og:title\" content=\"SUPREME \u2013 Cream with 4PM hyaluronic acid and snail slime - Yay Cosmetics\" \/>\n<meta property=\"og:description\" content=\"A super-nourishing anti-aging cream, rich and emollient. It provides deep hydration and regeneration through the combined action of four hyaluronic acids and snail secretion filtrate. The lily extract smooths and nourishes the skin, while shea butter and grape seed oil leave it soft and radiant.\" \/>\n<meta property=\"og:url\" content=\"https:\/\/yaycosmetics.com\/sq\/produkt\/supreme-cream-with-4pm-hyaluronic-acid-and-snail-slime\/\" \/>\n<meta property=\"og:site_name\" content=\"Yay Cosmetics\" \/>\n<meta property=\"article:modified_time\" content=\"2024-10-29T21:38:45+00:00\" \/>\n<meta property=\"og:image\" content=\"https:\/\/i0.wp.com\/yaycosmetics.com\/wp-content\/uploads\/2024\/10\/supreme_crema.jpg?fit=1000%2C1000&ssl=1\" \/>\n\t<meta property=\"og:image:width\" content=\"1000\" \/>\n\t<meta property=\"og:image:height\" content=\"1000\" \/>\n\t<meta property=\"og:image:type\" content=\"image\/jpeg\" \/>\n<meta name=\"twitter:card\" content=\"summary_large_image\" \/>\n<meta name=\"twitter:label1\" content=\"Est. reading time\" \/>\n\t<meta name=\"twitter:data1\" content=\"1 minut\u00eb\" \/>\n<script type=\"application\/ld+json\" class=\"yoast-schema-graph\">{\"@context\":\"https:\\\/\\\/schema.org\",\"@graph\":[{\"@type\":\"WebPage\",\"@id\":\"https:\\\/\\\/yaycosmetics.com\\\/sq\\\/produkt\\\/supreme-cream-with-4pm-hyaluronic-acid-and-snail-slime\\\/\",\"url\":\"https:\\\/\\\/yaycosmetics.com\\\/sq\\\/produkt\\\/supreme-cream-with-4pm-hyaluronic-acid-and-snail-slime\\\/\",\"name\":\"SUPREME \u2013 Cream with 4PM hyaluronic acid and snail slime - Yay Cosmetics\",\"isPartOf\":{\"@id\":\"https:\\\/\\\/yaycosmetics.com\\\/en\\\/#website\"},\"primaryImageOfPage\":{\"@id\":\"https:\\\/\\\/yaycosmetics.com\\\/sq\\\/produkt\\\/supreme-cream-with-4pm-hyaluronic-acid-and-snail-slime\\\/#primaryimage\"},\"image\":{\"@id\":\"https:\\\/\\\/yaycosmetics.com\\\/sq\\\/produkt\\\/supreme-cream-with-4pm-hyaluronic-acid-and-snail-slime\\\/#primaryimage\"},\"thumbnailUrl\":\"https:\\\/\\\/i0.wp.com\\\/yaycosmetics.com\\\/wp-content\\\/uploads\\\/2024\\\/10\\\/supreme_crema.jpg?fit=1000%2C1000&ssl=1\",\"datePublished\":\"2024-10-20T22:11:41+00:00\",\"dateModified\":\"2024-10-29T21:38:45+00:00\",\"breadcrumb\":{\"@id\":\"https:\\\/\\\/yaycosmetics.com\\\/sq\\\/produkt\\\/supreme-cream-with-4pm-hyaluronic-acid-and-snail-slime\\\/#breadcrumb\"},\"inLanguage\":\"sq\",\"potentialAction\":[{\"@type\":\"ReadAction\",\"target\":[\"https:\\\/\\\/yaycosmetics.com\\\/sq\\\/produkt\\\/supreme-cream-with-4pm-hyaluronic-acid-and-snail-slime\\\/\"]}]},{\"@type\":\"ImageObject\",\"inLanguage\":\"sq\",\"@id\":\"https:\\\/\\\/yaycosmetics.com\\\/sq\\\/produkt\\\/supreme-cream-with-4pm-hyaluronic-acid-and-snail-slime\\\/#primaryimage\",\"url\":\"https:\\\/\\\/i0.wp.com\\\/yaycosmetics.com\\\/wp-content\\\/uploads\\\/2024\\\/10\\\/supreme_crema.jpg?fit=1000%2C1000&ssl=1\",\"contentUrl\":\"https:\\\/\\\/i0.wp.com\\\/yaycosmetics.com\\\/wp-content\\\/uploads\\\/2024\\\/10\\\/supreme_crema.jpg?fit=1000%2C1000&ssl=1\",\"width\":1000,\"height\":1000},{\"@type\":\"BreadcrumbList\",\"@id\":\"https:\\\/\\\/yaycosmetics.com\\\/sq\\\/produkt\\\/supreme-cream-with-4pm-hyaluronic-acid-and-snail-slime\\\/#breadcrumb\",\"itemListElement\":[{\"@type\":\"ListItem\",\"position\":1,\"name\":\"Home\",\"item\":\"https:\\\/\\\/yaycosmetics.com\\\/en\\\/\"},{\"@type\":\"ListItem\",\"position\":2,\"name\":\"Shop\",\"item\":\"https:\\\/\\\/yaycosmetics.com\\\/en\\\/shop\\\/\"},{\"@type\":\"ListItem\",\"position\":3,\"name\":\"SUPREME \u2013 Cream with 4PM hyaluronic acid and snail slime\"}]},{\"@type\":\"WebSite\",\"@id\":\"https:\\\/\\\/yaycosmetics.com\\\/en\\\/#website\",\"url\":\"https:\\\/\\\/yaycosmetics.com\\\/en\\\/\",\"name\":\"Yay Cosmetics\",\"description\":\"\",\"potentialAction\":[{\"@type\":\"SearchAction\",\"target\":{\"@type\":\"EntryPoint\",\"urlTemplate\":\"https:\\\/\\\/yaycosmetics.com\\\/en\\\/?s={search_term_string}\"},\"query-input\":{\"@type\":\"PropertyValueSpecification\",\"valueRequired\":true,\"valueName\":\"search_term_string\"}}],\"inLanguage\":\"sq\"}]}<\/script>\n<!-- \/ Yoast SEO plugin. -->","yoast_head_json":{"title":"SUPREME \u2013 Cream with 4PM hyaluronic acid and snail slime - Yay Cosmetics","robots":{"index":"index","follow":"follow","max-snippet":"max-snippet:-1","max-image-preview":"max-image-preview:large","max-video-preview":"max-video-preview:-1"},"canonical":"https:\/\/yaycosmetics.com\/sq\/produkt\/supreme-cream-with-4pm-hyaluronic-acid-and-snail-slime\/","og_locale":"sq_AL","og_type":"article","og_title":"SUPREME \u2013 Cream with 4PM hyaluronic acid and snail slime - Yay Cosmetics","og_description":"A super-nourishing anti-aging cream, rich and emollient. It provides deep hydration and regeneration through the combined action of four hyaluronic acids and snail secretion filtrate. The lily extract smooths and nourishes the skin, while shea butter and grape seed oil leave it soft and radiant.","og_url":"https:\/\/yaycosmetics.com\/sq\/produkt\/supreme-cream-with-4pm-hyaluronic-acid-and-snail-slime\/","og_site_name":"Yay Cosmetics","article_modified_time":"2024-10-29T21:38:45+00:00","og_image":[{"width":1000,"height":1000,"url":"https:\/\/i0.wp.com\/yaycosmetics.com\/wp-content\/uploads\/2024\/10\/supreme_crema.jpg?fit=1000%2C1000&ssl=1","type":"image\/jpeg"}],"twitter_card":"summary_large_image","twitter_misc":{"Est. reading time":"1 minut\u00eb"},"schema":{"@context":"https:\/\/schema.org","@graph":[{"@type":"WebPage","@id":"https:\/\/yaycosmetics.com\/sq\/produkt\/supreme-cream-with-4pm-hyaluronic-acid-and-snail-slime\/","url":"https:\/\/yaycosmetics.com\/sq\/produkt\/supreme-cream-with-4pm-hyaluronic-acid-and-snail-slime\/","name":"SUPREME \u2013 Cream with 4PM hyaluronic acid and snail slime - Yay Cosmetics","isPartOf":{"@id":"https:\/\/yaycosmetics.com\/en\/#website"},"primaryImageOfPage":{"@id":"https:\/\/yaycosmetics.com\/sq\/produkt\/supreme-cream-with-4pm-hyaluronic-acid-and-snail-slime\/#primaryimage"},"image":{"@id":"https:\/\/yaycosmetics.com\/sq\/produkt\/supreme-cream-with-4pm-hyaluronic-acid-and-snail-slime\/#primaryimage"},"thumbnailUrl":"https:\/\/i0.wp.com\/yaycosmetics.com\/wp-content\/uploads\/2024\/10\/supreme_crema.jpg?fit=1000%2C1000&ssl=1","datePublished":"2024-10-20T22:11:41+00:00","dateModified":"2024-10-29T21:38:45+00:00","breadcrumb":{"@id":"https:\/\/yaycosmetics.com\/sq\/produkt\/supreme-cream-with-4pm-hyaluronic-acid-and-snail-slime\/#breadcrumb"},"inLanguage":"sq","potentialAction":[{"@type":"ReadAction","target":["https:\/\/yaycosmetics.com\/sq\/produkt\/supreme-cream-with-4pm-hyaluronic-acid-and-snail-slime\/"]}]},{"@type":"ImageObject","inLanguage":"sq","@id":"https:\/\/yaycosmetics.com\/sq\/produkt\/supreme-cream-with-4pm-hyaluronic-acid-and-snail-slime\/#primaryimage","url":"https:\/\/i0.wp.com\/yaycosmetics.com\/wp-content\/uploads\/2024\/10\/supreme_crema.jpg?fit=1000%2C1000&ssl=1","contentUrl":"https:\/\/i0.wp.com\/yaycosmetics.com\/wp-content\/uploads\/2024\/10\/supreme_crema.jpg?fit=1000%2C1000&ssl=1","width":1000,"height":1000},{"@type":"BreadcrumbList","@id":"https:\/\/yaycosmetics.com\/sq\/produkt\/supreme-cream-with-4pm-hyaluronic-acid-and-snail-slime\/#breadcrumb","itemListElement":[{"@type":"ListItem","position":1,"name":"Home","item":"https:\/\/yaycosmetics.com\/en\/"},{"@type":"ListItem","position":2,"name":"Shop","item":"https:\/\/yaycosmetics.com\/en\/shop\/"},{"@type":"ListItem","position":3,"name":"SUPREME \u2013 Cream with 4PM hyaluronic acid and snail slime"}]},{"@type":"WebSite","@id":"https:\/\/yaycosmetics.com\/en\/#website","url":"https:\/\/yaycosmetics.com\/en\/","name":"Yay Cosmetics","description":"","potentialAction":[{"@type":"SearchAction","target":{"@type":"EntryPoint","urlTemplate":"https:\/\/yaycosmetics.com\/en\/?s={search_term_string}"},"query-input":{"@type":"PropertyValueSpecification","valueRequired":true,"valueName":"search_term_string"}}],"inLanguage":"sq"}]}},"jetpack_sharing_enabled":true,"_links":{"self":[{"href":"https:\/\/yaycosmetics.com\/sq\/wp-json\/wp\/v2\/product\/327","targetHints":{"allow":["GET"]}}],"collection":[{"href":"https:\/\/yaycosmetics.com\/sq\/wp-json\/wp\/v2\/product"}],"about":[{"href":"https:\/\/yaycosmetics.com\/sq\/wp-json\/wp\/v2\/types\/product"}],"replies":[{"embeddable":true,"href":"https:\/\/yaycosmetics.com\/sq\/wp-json\/wp\/v2\/comments?post=327"}],"wp:featuredmedia":[{"embeddable":true,"href":"https:\/\/yaycosmetics.com\/sq\/wp-json\/wp\/v2\/media\/444"}],"wp:attachment":[{"href":"https:\/\/yaycosmetics.com\/sq\/wp-json\/wp\/v2\/media?parent=327"}],"wp:term":[{"taxonomy":"product_brand","embeddable":true,"href":"https:\/\/yaycosmetics.com\/sq\/wp-json\/wp\/v2\/product_brand?post=327"},{"taxonomy":"product_cat","embeddable":true,"href":"https:\/\/yaycosmetics.com\/sq\/wp-json\/wp\/v2\/product_cat?post=327"},{"taxonomy":"product_tag","embeddable":true,"href":"https:\/\/yaycosmetics.com\/sq\/wp-json\/wp\/v2\/product_tag?post=327"}],"curies":[{"name":"wp","href":"https:\/\/api.w.org\/{rel}","templated":true}]}}