{"id":333,"date":"2024-10-20T22:19:34","date_gmt":"2024-10-20T22:19:34","guid":{"rendered":"https:\/\/yaycosmetics.com\/?post_type=product&#038;p=333"},"modified":"2024-10-30T20:21:26","modified_gmt":"2024-10-30T20:21:26","slug":"torino-cream-with-hyaluronic-acid-4-pm","status":"publish","type":"product","link":"https:\/\/yaycosmetics.com\/sq\/produkt\/torino-cream-with-hyaluronic-acid-4-pm\/","title":{"rendered":"TORINO \u2013 Krem me Acid Hialuronik 4 PM"},"content":{"rendered":"<p>Nj\u00eb krem-serum me ndjesi t\u00eb fresk\u00ebt, leht\u00ebsisht i p\u00ebrthithsh\u00ebm, me veprim hidratues dhe kund\u00ebr rrudhave, q\u00eb p\u00ebrmban acid hialuronik dhe glikosaminoglikane. P\u00ebrfshin gjithashtu beta-glukan, nj\u00eb polimer i bazuar n\u00eb glukoz\u00eb q\u00eb ka aft\u00ebsi t\u00eb dukshme p\u00ebr t\u00eb lidhur ujin dhe ta transferoj\u00eb n\u00eb shtres\u00ebn epidermale, duke mbajtur l\u00ebkur\u00ebn t\u00eb hidratuar dhe t\u00eb tonifikuar.<\/p>\n<p>\u00cbsht\u00eb treguar t\u00eb jet\u00eb nj\u00eb antioksidant i shk\u00eblqyer, duke mbrojtur l\u00ebkur\u00ebn nga irrituesit dhe agjent\u00ebt fizik\u00eb. Fuqia e tij e lart\u00eb p\u00ebr formimin e filmit i jep sip\u00ebrfaqes s\u00eb l\u00ebkur\u00ebs nj\u00eb ndjesi t\u00eb but\u00eb dhe t\u00eb m\u00ebndafsht\u00eb t\u00eb k\u00ebndshme.<\/p>\n<p>Serumi p\u00ebrfshin gjithashtu nj\u00eb filt\u00ebr dielli p\u00ebr mbrojtje nga rrezet UVA dhe UVB, duke parandaluar d\u00ebmtimet e l\u00ebkur\u00ebs si foto-plakja dhe njollat e err\u00ebta. Ekstrakti i Aloe Vera p\u00ebrfundon formul\u00ebn me efektet e tij ushqyese dhe qet\u00ebsuese.<\/p>\n<p><strong>Si t\u00eb p\u00ebrdoret<\/strong><\/p>\n<p>Aplikoni n\u00eb fytyr\u00eb t\u00eb past\u00ebr n\u00eb m\u00ebngjes me l\u00ebvizje rrethore deri sa t\u00eb absorbohet plot\u00ebsisht. \u00cbsht\u00eb gjithashtu ideal si baz\u00eb p\u00ebr make-up.<\/p>","protected":false},"excerpt":{"rendered":"<p>Nj\u00eb krem-serum me ndjesi t\u00eb fresk\u00ebt, leht\u00ebsisht i p\u00ebrthithsh\u00ebm, me veprim hidratues dhe kund\u00ebr rrudhave, q\u00eb p\u00ebrmban acid hialuronik dhe glikosaminoglikane. P\u00ebrfshin gjithashtu beta-glukan, nj\u00eb polimer i bazuar n\u00eb glukoz\u00eb q\u00eb ka aft\u00ebsi t\u00eb dukshme p\u00ebr t\u00eb lidhur ujin dhe ta transferoj\u00eb n\u00eb shtres\u00ebn epidermale, duke mbajtur l\u00ebkur\u00ebn t\u00eb hidratuar dhe t\u00eb tonifikuar.<\/p>","protected":false},"featured_media":460,"comment_status":"open","ping_status":"closed","template":"","meta":{"nf_dc_page":"","om_disable_all_campaigns":false,"_monsterinsights_skip_tracking":false,"_monsterinsights_sitenote_active":false,"_monsterinsights_sitenote_note":"","_monsterinsights_sitenote_category":0},"product_brand":[],"product_cat":[46],"product_tag":[],"class_list":{"0":"post-333","1":"product","2":"type-product","3":"status-publish","4":"has-post-thumbnail","6":"product_cat-cream","8":"first","9":"instock","10":"shipping-taxable","11":"purchasable","12":"product-type-simple","13":"add-to-wishlist-after_add_to_cart"},"yoast_head":"<!-- This site is optimized with the Yoast SEO plugin v27.4 - https:\/\/yoast.com\/product\/yoast-seo-wordpress\/ -->\n<title>TORINO \u2013 Cream with Hyaluronic Acid 4 PM - Yay Cosmetics<\/title>\n<meta name=\"robots\" content=\"index, follow, max-snippet:-1, max-image-preview:large, max-video-preview:-1\" \/>\n<link rel=\"canonical\" href=\"https:\/\/yaycosmetics.com\/sq\/produkt\/torino-cream-with-hyaluronic-acid-4-pm\/\" \/>\n<meta property=\"og:locale\" content=\"sq_AL\" \/>\n<meta property=\"og:type\" content=\"article\" \/>\n<meta property=\"og:title\" content=\"TORINO \u2013 Cream with Hyaluronic Acid 4 PM - Yay Cosmetics\" \/>\n<meta property=\"og:description\" content=\"A fresh-feeling, easily absorbed cream serum with hydrating and anti-wrinkle action, containing hyaluronic acid and glycosaminoglycans. It also includes beta-glucan, a glucose-based polymer that has a marked ability to bind water and transfer it to the epidermal layer, keeping the skin hydrated and toned.\" \/>\n<meta property=\"og:url\" content=\"https:\/\/yaycosmetics.com\/sq\/produkt\/torino-cream-with-hyaluronic-acid-4-pm\/\" \/>\n<meta property=\"og:site_name\" content=\"Yay Cosmetics\" \/>\n<meta property=\"article:modified_time\" content=\"2024-10-30T20:21:26+00:00\" \/>\n<meta property=\"og:image\" content=\"https:\/\/i0.wp.com\/yaycosmetics.com\/wp-content\/uploads\/2024\/10\/torino_cream_1.jpg?fit=1000%2C1000&ssl=1\" \/>\n\t<meta property=\"og:image:width\" content=\"1000\" \/>\n\t<meta property=\"og:image:height\" content=\"1000\" \/>\n\t<meta property=\"og:image:type\" content=\"image\/jpeg\" \/>\n<meta name=\"twitter:card\" content=\"summary_large_image\" \/>\n<meta name=\"twitter:label1\" content=\"Est. reading time\" \/>\n\t<meta name=\"twitter:data1\" content=\"1 minut\u00eb\" \/>\n<script type=\"application\/ld+json\" class=\"yoast-schema-graph\">{\"@context\":\"https:\\\/\\\/schema.org\",\"@graph\":[{\"@type\":\"WebPage\",\"@id\":\"https:\\\/\\\/yaycosmetics.com\\\/en\\\/product\\\/torino-cream-with-hyaluronic-acid-4-pm\\\/\",\"url\":\"https:\\\/\\\/yaycosmetics.com\\\/en\\\/product\\\/torino-cream-with-hyaluronic-acid-4-pm\\\/\",\"name\":\"TORINO \u2013 Cream with Hyaluronic Acid 4 PM - Yay Cosmetics\",\"isPartOf\":{\"@id\":\"https:\\\/\\\/yaycosmetics.com\\\/en\\\/#website\"},\"primaryImageOfPage\":{\"@id\":\"https:\\\/\\\/yaycosmetics.com\\\/en\\\/product\\\/torino-cream-with-hyaluronic-acid-4-pm\\\/#primaryimage\"},\"image\":{\"@id\":\"https:\\\/\\\/yaycosmetics.com\\\/en\\\/product\\\/torino-cream-with-hyaluronic-acid-4-pm\\\/#primaryimage\"},\"thumbnailUrl\":\"https:\\\/\\\/i0.wp.com\\\/yaycosmetics.com\\\/wp-content\\\/uploads\\\/2024\\\/10\\\/torino_cream_1.jpg?fit=1000%2C1000&ssl=1\",\"datePublished\":\"2024-10-20T22:19:34+00:00\",\"dateModified\":\"2024-10-30T20:21:26+00:00\",\"breadcrumb\":{\"@id\":\"https:\\\/\\\/yaycosmetics.com\\\/en\\\/product\\\/torino-cream-with-hyaluronic-acid-4-pm\\\/#breadcrumb\"},\"inLanguage\":\"sq\",\"potentialAction\":[{\"@type\":\"ReadAction\",\"target\":[\"https:\\\/\\\/yaycosmetics.com\\\/en\\\/product\\\/torino-cream-with-hyaluronic-acid-4-pm\\\/\"]}]},{\"@type\":\"ImageObject\",\"inLanguage\":\"sq\",\"@id\":\"https:\\\/\\\/yaycosmetics.com\\\/en\\\/product\\\/torino-cream-with-hyaluronic-acid-4-pm\\\/#primaryimage\",\"url\":\"https:\\\/\\\/i0.wp.com\\\/yaycosmetics.com\\\/wp-content\\\/uploads\\\/2024\\\/10\\\/torino_cream_1.jpg?fit=1000%2C1000&ssl=1\",\"contentUrl\":\"https:\\\/\\\/i0.wp.com\\\/yaycosmetics.com\\\/wp-content\\\/uploads\\\/2024\\\/10\\\/torino_cream_1.jpg?fit=1000%2C1000&ssl=1\",\"width\":1000,\"height\":1000},{\"@type\":\"BreadcrumbList\",\"@id\":\"https:\\\/\\\/yaycosmetics.com\\\/en\\\/product\\\/torino-cream-with-hyaluronic-acid-4-pm\\\/#breadcrumb\",\"itemListElement\":[{\"@type\":\"ListItem\",\"position\":1,\"name\":\"Home\",\"item\":\"https:\\\/\\\/yaycosmetics.com\\\/en\\\/\"},{\"@type\":\"ListItem\",\"position\":2,\"name\":\"Shop\",\"item\":\"https:\\\/\\\/yaycosmetics.com\\\/en\\\/shop\\\/\"},{\"@type\":\"ListItem\",\"position\":3,\"name\":\"TORINO \u2013 Cream with Hyaluronic Acid 4 PM\"}]},{\"@type\":\"WebSite\",\"@id\":\"https:\\\/\\\/yaycosmetics.com\\\/en\\\/#website\",\"url\":\"https:\\\/\\\/yaycosmetics.com\\\/en\\\/\",\"name\":\"Yay Cosmetics\",\"description\":\"\",\"potentialAction\":[{\"@type\":\"SearchAction\",\"target\":{\"@type\":\"EntryPoint\",\"urlTemplate\":\"https:\\\/\\\/yaycosmetics.com\\\/en\\\/?s={search_term_string}\"},\"query-input\":{\"@type\":\"PropertyValueSpecification\",\"valueRequired\":true,\"valueName\":\"search_term_string\"}}],\"inLanguage\":\"sq\"}]}<\/script>\n<!-- \/ Yoast SEO plugin. -->","yoast_head_json":{"title":"TORINO \u2013 Cream with Hyaluronic Acid 4 PM - Yay Cosmetics","robots":{"index":"index","follow":"follow","max-snippet":"max-snippet:-1","max-image-preview":"max-image-preview:large","max-video-preview":"max-video-preview:-1"},"canonical":"https:\/\/yaycosmetics.com\/sq\/produkt\/torino-cream-with-hyaluronic-acid-4-pm\/","og_locale":"sq_AL","og_type":"article","og_title":"TORINO \u2013 Cream with Hyaluronic Acid 4 PM - Yay Cosmetics","og_description":"A fresh-feeling, easily absorbed cream serum with hydrating and anti-wrinkle action, containing hyaluronic acid and glycosaminoglycans. It also includes beta-glucan, a glucose-based polymer that has a marked ability to bind water and transfer it to the epidermal layer, keeping the skin hydrated and toned.","og_url":"https:\/\/yaycosmetics.com\/sq\/produkt\/torino-cream-with-hyaluronic-acid-4-pm\/","og_site_name":"Yay Cosmetics","article_modified_time":"2024-10-30T20:21:26+00:00","og_image":[{"width":1000,"height":1000,"url":"https:\/\/i0.wp.com\/yaycosmetics.com\/wp-content\/uploads\/2024\/10\/torino_cream_1.jpg?fit=1000%2C1000&ssl=1","type":"image\/jpeg"}],"twitter_card":"summary_large_image","twitter_misc":{"Est. reading time":"1 minut\u00eb"},"schema":{"@context":"https:\/\/schema.org","@graph":[{"@type":"WebPage","@id":"https:\/\/yaycosmetics.com\/en\/product\/torino-cream-with-hyaluronic-acid-4-pm\/","url":"https:\/\/yaycosmetics.com\/en\/product\/torino-cream-with-hyaluronic-acid-4-pm\/","name":"TORINO \u2013 Cream with Hyaluronic Acid 4 PM - Yay Cosmetics","isPartOf":{"@id":"https:\/\/yaycosmetics.com\/en\/#website"},"primaryImageOfPage":{"@id":"https:\/\/yaycosmetics.com\/en\/product\/torino-cream-with-hyaluronic-acid-4-pm\/#primaryimage"},"image":{"@id":"https:\/\/yaycosmetics.com\/en\/product\/torino-cream-with-hyaluronic-acid-4-pm\/#primaryimage"},"thumbnailUrl":"https:\/\/i0.wp.com\/yaycosmetics.com\/wp-content\/uploads\/2024\/10\/torino_cream_1.jpg?fit=1000%2C1000&ssl=1","datePublished":"2024-10-20T22:19:34+00:00","dateModified":"2024-10-30T20:21:26+00:00","breadcrumb":{"@id":"https:\/\/yaycosmetics.com\/en\/product\/torino-cream-with-hyaluronic-acid-4-pm\/#breadcrumb"},"inLanguage":"sq","potentialAction":[{"@type":"ReadAction","target":["https:\/\/yaycosmetics.com\/en\/product\/torino-cream-with-hyaluronic-acid-4-pm\/"]}]},{"@type":"ImageObject","inLanguage":"sq","@id":"https:\/\/yaycosmetics.com\/en\/product\/torino-cream-with-hyaluronic-acid-4-pm\/#primaryimage","url":"https:\/\/i0.wp.com\/yaycosmetics.com\/wp-content\/uploads\/2024\/10\/torino_cream_1.jpg?fit=1000%2C1000&ssl=1","contentUrl":"https:\/\/i0.wp.com\/yaycosmetics.com\/wp-content\/uploads\/2024\/10\/torino_cream_1.jpg?fit=1000%2C1000&ssl=1","width":1000,"height":1000},{"@type":"BreadcrumbList","@id":"https:\/\/yaycosmetics.com\/en\/product\/torino-cream-with-hyaluronic-acid-4-pm\/#breadcrumb","itemListElement":[{"@type":"ListItem","position":1,"name":"Home","item":"https:\/\/yaycosmetics.com\/en\/"},{"@type":"ListItem","position":2,"name":"Shop","item":"https:\/\/yaycosmetics.com\/en\/shop\/"},{"@type":"ListItem","position":3,"name":"TORINO \u2013 Cream with Hyaluronic Acid 4 PM"}]},{"@type":"WebSite","@id":"https:\/\/yaycosmetics.com\/en\/#website","url":"https:\/\/yaycosmetics.com\/en\/","name":"Yay Cosmetics","description":"","potentialAction":[{"@type":"SearchAction","target":{"@type":"EntryPoint","urlTemplate":"https:\/\/yaycosmetics.com\/en\/?s={search_term_string}"},"query-input":{"@type":"PropertyValueSpecification","valueRequired":true,"valueName":"search_term_string"}}],"inLanguage":"sq"}]}},"jetpack_sharing_enabled":true,"_links":{"self":[{"href":"https:\/\/yaycosmetics.com\/sq\/wp-json\/wp\/v2\/product\/333","targetHints":{"allow":["GET"]}}],"collection":[{"href":"https:\/\/yaycosmetics.com\/sq\/wp-json\/wp\/v2\/product"}],"about":[{"href":"https:\/\/yaycosmetics.com\/sq\/wp-json\/wp\/v2\/types\/product"}],"replies":[{"embeddable":true,"href":"https:\/\/yaycosmetics.com\/sq\/wp-json\/wp\/v2\/comments?post=333"}],"wp:featuredmedia":[{"embeddable":true,"href":"https:\/\/yaycosmetics.com\/sq\/wp-json\/wp\/v2\/media\/460"}],"wp:attachment":[{"href":"https:\/\/yaycosmetics.com\/sq\/wp-json\/wp\/v2\/media?parent=333"}],"wp:term":[{"taxonomy":"product_brand","embeddable":true,"href":"https:\/\/yaycosmetics.com\/sq\/wp-json\/wp\/v2\/product_brand?post=333"},{"taxonomy":"product_cat","embeddable":true,"href":"https:\/\/yaycosmetics.com\/sq\/wp-json\/wp\/v2\/product_cat?post=333"},{"taxonomy":"product_tag","embeddable":true,"href":"https:\/\/yaycosmetics.com\/sq\/wp-json\/wp\/v2\/product_tag?post=333"}],"curies":[{"name":"wp","href":"https:\/\/api.w.org\/{rel}","templated":true}]}}