{"id":336,"date":"2024-10-20T22:23:40","date_gmt":"2024-10-20T22:23:40","guid":{"rendered":"https:\/\/yaycosmetics.com\/?post_type=product&#038;p=336"},"modified":"2024-10-29T19:58:48","modified_gmt":"2024-10-29T19:58:48","slug":"burbuja-aloe-based-cleansing-foam","status":"publish","type":"product","link":"https:\/\/yaycosmetics.com\/sq\/produkt\/burbuja-aloe-based-cleansing-foam\/","title":{"rendered":"BURBUJA \u2013 Shkum\u00eb pastrimi e bazuar n\u00eb Aloe"},"content":{"rendered":"<p>Nj\u00eb pastrues i but\u00eb me shkum\u00eb, i pasur me Aloe Vera dhe Panthenol, q\u00eb ofron efekte hidratuese, qet\u00ebsuese dhe kund\u00ebr plakjes.<\/p>\n<p><strong>Si t\u00eb p\u00ebrdoret<\/strong><\/p>\n<p>Shkarkoni produktin n\u00eb dor\u00eb (dy pompa jan\u00eb t\u00eb mjaftueshme), aplikoni n\u00eb fytyr\u00eb dhe masazhoni p\u00ebr rreth nj\u00eb minut\u00eb me l\u00ebvizje rrethore. Shp\u00eblani mir\u00eb me shum\u00eb uj\u00eb. P\u00ebrs\u00ebritni aplikimin dy her\u00eb n\u00eb dit\u00eb, n\u00eb m\u00ebngjes dhe mbr\u00ebmje. P\u00ebr rezultate m\u00eb t\u00eb mira, vazhdoni me nj\u00eb serum dhe krem fytyre.<\/p>","protected":false},"excerpt":{"rendered":"<p>Nj\u00eb pastrues i but\u00eb me shkum\u00eb, i pasur me Aloe Vera dhe Panthenol, q\u00eb ofron efekte hidratuese, qet\u00ebsuese dhe kund\u00ebr plakjes.<\/p>","protected":false},"featured_media":431,"comment_status":"open","ping_status":"closed","template":"","meta":{"nf_dc_page":"","om_disable_all_campaigns":false,"_monsterinsights_skip_tracking":false,"_monsterinsights_sitenote_active":false,"_monsterinsights_sitenote_note":"","_monsterinsights_sitenote_category":0},"product_brand":[],"product_cat":[47],"product_tag":[],"class_list":{"0":"post-336","1":"product","2":"type-product","3":"status-publish","4":"has-post-thumbnail","6":"product_cat-cleansing","8":"first","9":"instock","10":"shipping-taxable","11":"purchasable","12":"product-type-simple","13":"add-to-wishlist-after_add_to_cart"},"yoast_head":"<!-- This site is optimized with the Yoast SEO plugin v27.4 - https:\/\/yoast.com\/product\/yoast-seo-wordpress\/ -->\n<title>BURBUJA \u2013 Aloe-based cleansing foam - Yay Cosmetics<\/title>\n<meta name=\"robots\" content=\"index, follow, max-snippet:-1, max-image-preview:large, max-video-preview:-1\" \/>\n<link rel=\"canonical\" href=\"https:\/\/yaycosmetics.com\/sq\/produkt\/burbuja-aloe-based-cleansing-foam\/\" \/>\n<meta property=\"og:locale\" content=\"sq_AL\" \/>\n<meta property=\"og:type\" content=\"article\" \/>\n<meta property=\"og:title\" content=\"BURBUJA \u2013 Aloe-based cleansing foam - Yay Cosmetics\" \/>\n<meta property=\"og:description\" content=\"A gentle foaming cleanser rich in Aloe Vera and Panthenol, providing moisturizing, soothing, and anti-aging effects.\" \/>\n<meta property=\"og:url\" content=\"https:\/\/yaycosmetics.com\/sq\/produkt\/burbuja-aloe-based-cleansing-foam\/\" \/>\n<meta property=\"og:site_name\" content=\"Yay Cosmetics\" \/>\n<meta property=\"article:modified_time\" content=\"2024-10-29T19:58:48+00:00\" \/>\n<meta property=\"og:image\" content=\"https:\/\/i0.wp.com\/yaycosmetics.com\/wp-content\/uploads\/2024\/10\/burbuja_1000x1000.jpg?fit=1000%2C1000&ssl=1\" \/>\n\t<meta property=\"og:image:width\" content=\"1000\" \/>\n\t<meta property=\"og:image:height\" content=\"1000\" \/>\n\t<meta property=\"og:image:type\" content=\"image\/jpeg\" \/>\n<meta name=\"twitter:card\" content=\"summary_large_image\" \/>\n<meta name=\"twitter:label1\" content=\"Est. reading time\" \/>\n\t<meta name=\"twitter:data1\" content=\"1 minut\u00eb\" \/>\n<script type=\"application\/ld+json\" class=\"yoast-schema-graph\">{\"@context\":\"https:\\\/\\\/schema.org\",\"@graph\":[{\"@type\":\"WebPage\",\"@id\":\"https:\\\/\\\/yaycosmetics.com\\\/sq\\\/produkt\\\/burbuja-aloe-based-cleansing-foam\\\/\",\"url\":\"https:\\\/\\\/yaycosmetics.com\\\/sq\\\/produkt\\\/burbuja-aloe-based-cleansing-foam\\\/\",\"name\":\"BURBUJA \u2013 Aloe-based cleansing foam - Yay Cosmetics\",\"isPartOf\":{\"@id\":\"https:\\\/\\\/yaycosmetics.com\\\/en\\\/#website\"},\"primaryImageOfPage\":{\"@id\":\"https:\\\/\\\/yaycosmetics.com\\\/sq\\\/produkt\\\/burbuja-aloe-based-cleansing-foam\\\/#primaryimage\"},\"image\":{\"@id\":\"https:\\\/\\\/yaycosmetics.com\\\/sq\\\/produkt\\\/burbuja-aloe-based-cleansing-foam\\\/#primaryimage\"},\"thumbnailUrl\":\"https:\\\/\\\/i0.wp.com\\\/yaycosmetics.com\\\/wp-content\\\/uploads\\\/2024\\\/10\\\/burbuja_1000x1000.jpg?fit=1000%2C1000&ssl=1\",\"datePublished\":\"2024-10-20T22:23:40+00:00\",\"dateModified\":\"2024-10-29T19:58:48+00:00\",\"breadcrumb\":{\"@id\":\"https:\\\/\\\/yaycosmetics.com\\\/sq\\\/produkt\\\/burbuja-aloe-based-cleansing-foam\\\/#breadcrumb\"},\"inLanguage\":\"sq\",\"potentialAction\":[{\"@type\":\"ReadAction\",\"target\":[\"https:\\\/\\\/yaycosmetics.com\\\/sq\\\/produkt\\\/burbuja-aloe-based-cleansing-foam\\\/\"]}]},{\"@type\":\"ImageObject\",\"inLanguage\":\"sq\",\"@id\":\"https:\\\/\\\/yaycosmetics.com\\\/sq\\\/produkt\\\/burbuja-aloe-based-cleansing-foam\\\/#primaryimage\",\"url\":\"https:\\\/\\\/i0.wp.com\\\/yaycosmetics.com\\\/wp-content\\\/uploads\\\/2024\\\/10\\\/burbuja_1000x1000.jpg?fit=1000%2C1000&ssl=1\",\"contentUrl\":\"https:\\\/\\\/i0.wp.com\\\/yaycosmetics.com\\\/wp-content\\\/uploads\\\/2024\\\/10\\\/burbuja_1000x1000.jpg?fit=1000%2C1000&ssl=1\",\"width\":1000,\"height\":1000},{\"@type\":\"BreadcrumbList\",\"@id\":\"https:\\\/\\\/yaycosmetics.com\\\/sq\\\/produkt\\\/burbuja-aloe-based-cleansing-foam\\\/#breadcrumb\",\"itemListElement\":[{\"@type\":\"ListItem\",\"position\":1,\"name\":\"Home\",\"item\":\"https:\\\/\\\/yaycosmetics.com\\\/en\\\/\"},{\"@type\":\"ListItem\",\"position\":2,\"name\":\"Shop\",\"item\":\"https:\\\/\\\/yaycosmetics.com\\\/en\\\/shop\\\/\"},{\"@type\":\"ListItem\",\"position\":3,\"name\":\"BURBUJA \u2013 Aloe-based cleansing foam\"}]},{\"@type\":\"WebSite\",\"@id\":\"https:\\\/\\\/yaycosmetics.com\\\/en\\\/#website\",\"url\":\"https:\\\/\\\/yaycosmetics.com\\\/en\\\/\",\"name\":\"Yay Cosmetics\",\"description\":\"\",\"potentialAction\":[{\"@type\":\"SearchAction\",\"target\":{\"@type\":\"EntryPoint\",\"urlTemplate\":\"https:\\\/\\\/yaycosmetics.com\\\/en\\\/?s={search_term_string}\"},\"query-input\":{\"@type\":\"PropertyValueSpecification\",\"valueRequired\":true,\"valueName\":\"search_term_string\"}}],\"inLanguage\":\"sq\"}]}<\/script>\n<!-- \/ Yoast SEO plugin. -->","yoast_head_json":{"title":"BURBUJA \u2013 Aloe-based cleansing foam - Yay Cosmetics","robots":{"index":"index","follow":"follow","max-snippet":"max-snippet:-1","max-image-preview":"max-image-preview:large","max-video-preview":"max-video-preview:-1"},"canonical":"https:\/\/yaycosmetics.com\/sq\/produkt\/burbuja-aloe-based-cleansing-foam\/","og_locale":"sq_AL","og_type":"article","og_title":"BURBUJA \u2013 Aloe-based cleansing foam - Yay Cosmetics","og_description":"A gentle foaming cleanser rich in Aloe Vera and Panthenol, providing moisturizing, soothing, and anti-aging effects.","og_url":"https:\/\/yaycosmetics.com\/sq\/produkt\/burbuja-aloe-based-cleansing-foam\/","og_site_name":"Yay Cosmetics","article_modified_time":"2024-10-29T19:58:48+00:00","og_image":[{"width":1000,"height":1000,"url":"https:\/\/i0.wp.com\/yaycosmetics.com\/wp-content\/uploads\/2024\/10\/burbuja_1000x1000.jpg?fit=1000%2C1000&ssl=1","type":"image\/jpeg"}],"twitter_card":"summary_large_image","twitter_misc":{"Est. reading time":"1 minut\u00eb"},"schema":{"@context":"https:\/\/schema.org","@graph":[{"@type":"WebPage","@id":"https:\/\/yaycosmetics.com\/sq\/produkt\/burbuja-aloe-based-cleansing-foam\/","url":"https:\/\/yaycosmetics.com\/sq\/produkt\/burbuja-aloe-based-cleansing-foam\/","name":"BURBUJA \u2013 Aloe-based cleansing foam - Yay Cosmetics","isPartOf":{"@id":"https:\/\/yaycosmetics.com\/en\/#website"},"primaryImageOfPage":{"@id":"https:\/\/yaycosmetics.com\/sq\/produkt\/burbuja-aloe-based-cleansing-foam\/#primaryimage"},"image":{"@id":"https:\/\/yaycosmetics.com\/sq\/produkt\/burbuja-aloe-based-cleansing-foam\/#primaryimage"},"thumbnailUrl":"https:\/\/i0.wp.com\/yaycosmetics.com\/wp-content\/uploads\/2024\/10\/burbuja_1000x1000.jpg?fit=1000%2C1000&ssl=1","datePublished":"2024-10-20T22:23:40+00:00","dateModified":"2024-10-29T19:58:48+00:00","breadcrumb":{"@id":"https:\/\/yaycosmetics.com\/sq\/produkt\/burbuja-aloe-based-cleansing-foam\/#breadcrumb"},"inLanguage":"sq","potentialAction":[{"@type":"ReadAction","target":["https:\/\/yaycosmetics.com\/sq\/produkt\/burbuja-aloe-based-cleansing-foam\/"]}]},{"@type":"ImageObject","inLanguage":"sq","@id":"https:\/\/yaycosmetics.com\/sq\/produkt\/burbuja-aloe-based-cleansing-foam\/#primaryimage","url":"https:\/\/i0.wp.com\/yaycosmetics.com\/wp-content\/uploads\/2024\/10\/burbuja_1000x1000.jpg?fit=1000%2C1000&ssl=1","contentUrl":"https:\/\/i0.wp.com\/yaycosmetics.com\/wp-content\/uploads\/2024\/10\/burbuja_1000x1000.jpg?fit=1000%2C1000&ssl=1","width":1000,"height":1000},{"@type":"BreadcrumbList","@id":"https:\/\/yaycosmetics.com\/sq\/produkt\/burbuja-aloe-based-cleansing-foam\/#breadcrumb","itemListElement":[{"@type":"ListItem","position":1,"name":"Home","item":"https:\/\/yaycosmetics.com\/en\/"},{"@type":"ListItem","position":2,"name":"Shop","item":"https:\/\/yaycosmetics.com\/en\/shop\/"},{"@type":"ListItem","position":3,"name":"BURBUJA \u2013 Aloe-based cleansing foam"}]},{"@type":"WebSite","@id":"https:\/\/yaycosmetics.com\/en\/#website","url":"https:\/\/yaycosmetics.com\/en\/","name":"Yay Cosmetics","description":"","potentialAction":[{"@type":"SearchAction","target":{"@type":"EntryPoint","urlTemplate":"https:\/\/yaycosmetics.com\/en\/?s={search_term_string}"},"query-input":{"@type":"PropertyValueSpecification","valueRequired":true,"valueName":"search_term_string"}}],"inLanguage":"sq"}]}},"jetpack_sharing_enabled":true,"_links":{"self":[{"href":"https:\/\/yaycosmetics.com\/sq\/wp-json\/wp\/v2\/product\/336","targetHints":{"allow":["GET"]}}],"collection":[{"href":"https:\/\/yaycosmetics.com\/sq\/wp-json\/wp\/v2\/product"}],"about":[{"href":"https:\/\/yaycosmetics.com\/sq\/wp-json\/wp\/v2\/types\/product"}],"replies":[{"embeddable":true,"href":"https:\/\/yaycosmetics.com\/sq\/wp-json\/wp\/v2\/comments?post=336"}],"wp:featuredmedia":[{"embeddable":true,"href":"https:\/\/yaycosmetics.com\/sq\/wp-json\/wp\/v2\/media\/431"}],"wp:attachment":[{"href":"https:\/\/yaycosmetics.com\/sq\/wp-json\/wp\/v2\/media?parent=336"}],"wp:term":[{"taxonomy":"product_brand","embeddable":true,"href":"https:\/\/yaycosmetics.com\/sq\/wp-json\/wp\/v2\/product_brand?post=336"},{"taxonomy":"product_cat","embeddable":true,"href":"https:\/\/yaycosmetics.com\/sq\/wp-json\/wp\/v2\/product_cat?post=336"},{"taxonomy":"product_tag","embeddable":true,"href":"https:\/\/yaycosmetics.com\/sq\/wp-json\/wp\/v2\/product_tag?post=336"}],"curies":[{"name":"wp","href":"https:\/\/api.w.org\/{rel}","templated":true}]}}