{"id":386,"date":"2024-10-27T10:33:26","date_gmt":"2024-10-27T10:33:26","guid":{"rendered":"https:\/\/yaycosmetics.com\/?post_type=product&#038;p=386"},"modified":"2024-10-29T21:51:31","modified_gmt":"2024-10-29T21:51:31","slug":"marrakech-argan-eye-and-lip-contour","status":"publish","type":"product","link":"https:\/\/yaycosmetics.com\/sq\/produkt\/marrakech-argan-eye-and-lip-contour\/","title":{"rendered":"MARRAKECH \u2013 Konturi i Syve dhe Buz\u00ebve me Argani"},"content":{"rendered":"<p>Nj\u00eb produkt shum\u00eb i but\u00eb, i dizajnuar p\u00ebr zonat p\u00ebrreth syve dhe buz\u00ebve. I pasur me lipide t\u00eb ngjashme me sebumin, kryesisht vaj argani, dhe trigliceride but\u00ebsuese, ofron hidratim dhe ushqim t\u00eb thell\u00eb. Formula p\u00ebrfshin gjithashtu ekstrakt qelizash burimore argani me veti kund\u00ebr plakjes dhe nj\u00eb p\u00ebrb\u00ebr\u00ebs funksional hidratues p\u00ebr t\u00eb p\u00ebrmir\u00ebsuar tonin dhe hidratimin e l\u00ebkur\u00ebs.<\/p>\n<h4>Si t\u00eb p\u00ebrdoret<\/h4>\n<p>Aplikoni disa her\u00eb n\u00eb dit\u00eb pas pastrimit t\u00eb plot\u00eb t\u00eb l\u00ebkur\u00ebs.<\/p>","protected":false},"excerpt":{"rendered":"<p>Nj\u00eb produkt shum\u00eb i but\u00eb, i dizajnuar p\u00ebr zonat p\u00ebrreth syve dhe buz\u00ebve. I pasur me lipide t\u00eb ngjashme me sebumin, kryesisht vaj argani, dhe trigliceride but\u00ebsuese, ofron hidratim dhe ushqim t\u00eb thell\u00eb. Formula p\u00ebrfshin gjithashtu ekstrakt qelizash burimore argani me veti kund\u00ebr plakjes dhe nj\u00eb p\u00ebrb\u00ebr\u00ebs funksional hidratues p\u00ebr t\u00eb p\u00ebrmir\u00ebsuar tonin dhe hidratimin e l\u00ebkur\u00ebs.<\/p>","protected":false},"featured_media":450,"comment_status":"open","ping_status":"closed","template":"","meta":{"nf_dc_page":"","om_disable_all_campaigns":false,"_monsterinsights_skip_tracking":false,"_monsterinsights_sitenote_active":false,"_monsterinsights_sitenote_note":"","_monsterinsights_sitenote_category":0},"product_brand":[],"product_cat":[46],"product_tag":[],"class_list":{"0":"post-386","1":"product","2":"type-product","3":"status-publish","4":"has-post-thumbnail","6":"product_cat-cream","8":"first","9":"instock","10":"shipping-taxable","11":"purchasable","12":"product-type-simple","13":"add-to-wishlist-after_add_to_cart"},"yoast_head":"<!-- This site is optimized with the Yoast SEO plugin v27.4 - https:\/\/yoast.com\/product\/yoast-seo-wordpress\/ -->\n<title>MARRAKECH \u2013 Argan Eye and Lip Contour - Yay Cosmetics<\/title>\n<meta name=\"robots\" content=\"index, follow, max-snippet:-1, max-image-preview:large, max-video-preview:-1\" \/>\n<link rel=\"canonical\" href=\"https:\/\/yaycosmetics.com\/sq\/produkt\/marrakech-argan-eye-and-lip-contour\/\" \/>\n<meta property=\"og:locale\" content=\"sq_AL\" \/>\n<meta property=\"og:type\" content=\"article\" \/>\n<meta property=\"og:title\" content=\"MARRAKECH \u2013 Argan Eye and Lip Contour - Yay Cosmetics\" \/>\n<meta property=\"og:description\" content=\"A very delicate product designed for the areas around the eyes and lips. Rich in sebum-like lipids, primarily argan oil, and emollient triglycerides, it provides deep hydration and nourishment. The formula also includes argan stem cell extract with anti-aging properties and a hydrating functional ingredient to enhance skin tone and hydration.\" \/>\n<meta property=\"og:url\" content=\"https:\/\/yaycosmetics.com\/sq\/produkt\/marrakech-argan-eye-and-lip-contour\/\" \/>\n<meta property=\"og:site_name\" content=\"Yay Cosmetics\" \/>\n<meta property=\"article:modified_time\" content=\"2024-10-29T21:51:31+00:00\" \/>\n<meta property=\"og:image\" content=\"https:\/\/i0.wp.com\/yaycosmetics.com\/wp-content\/uploads\/2024\/10\/marrakech_countouring.jpg?fit=1000%2C1000&ssl=1\" \/>\n\t<meta property=\"og:image:width\" content=\"1000\" \/>\n\t<meta property=\"og:image:height\" content=\"1000\" \/>\n\t<meta property=\"og:image:type\" content=\"image\/jpeg\" \/>\n<meta name=\"twitter:card\" content=\"summary_large_image\" \/>\n<meta name=\"twitter:label1\" content=\"Est. reading time\" \/>\n\t<meta name=\"twitter:data1\" content=\"1 minut\u00eb\" \/>\n<script type=\"application\/ld+json\" class=\"yoast-schema-graph\">{\"@context\":\"https:\\\/\\\/schema.org\",\"@graph\":[{\"@type\":\"WebPage\",\"@id\":\"https:\\\/\\\/yaycosmetics.com\\\/sq\\\/produkt\\\/marrakech-argan-eye-and-lip-contour\\\/\",\"url\":\"https:\\\/\\\/yaycosmetics.com\\\/sq\\\/produkt\\\/marrakech-argan-eye-and-lip-contour\\\/\",\"name\":\"MARRAKECH \u2013 Argan Eye and Lip Contour - Yay Cosmetics\",\"isPartOf\":{\"@id\":\"https:\\\/\\\/yaycosmetics.com\\\/en\\\/#website\"},\"primaryImageOfPage\":{\"@id\":\"https:\\\/\\\/yaycosmetics.com\\\/sq\\\/produkt\\\/marrakech-argan-eye-and-lip-contour\\\/#primaryimage\"},\"image\":{\"@id\":\"https:\\\/\\\/yaycosmetics.com\\\/sq\\\/produkt\\\/marrakech-argan-eye-and-lip-contour\\\/#primaryimage\"},\"thumbnailUrl\":\"https:\\\/\\\/i0.wp.com\\\/yaycosmetics.com\\\/wp-content\\\/uploads\\\/2024\\\/10\\\/marrakech_countouring.jpg?fit=1000%2C1000&ssl=1\",\"datePublished\":\"2024-10-27T10:33:26+00:00\",\"dateModified\":\"2024-10-29T21:51:31+00:00\",\"breadcrumb\":{\"@id\":\"https:\\\/\\\/yaycosmetics.com\\\/sq\\\/produkt\\\/marrakech-argan-eye-and-lip-contour\\\/#breadcrumb\"},\"inLanguage\":\"sq\",\"potentialAction\":[{\"@type\":\"ReadAction\",\"target\":[\"https:\\\/\\\/yaycosmetics.com\\\/sq\\\/produkt\\\/marrakech-argan-eye-and-lip-contour\\\/\"]}]},{\"@type\":\"ImageObject\",\"inLanguage\":\"sq\",\"@id\":\"https:\\\/\\\/yaycosmetics.com\\\/sq\\\/produkt\\\/marrakech-argan-eye-and-lip-contour\\\/#primaryimage\",\"url\":\"https:\\\/\\\/i0.wp.com\\\/yaycosmetics.com\\\/wp-content\\\/uploads\\\/2024\\\/10\\\/marrakech_countouring.jpg?fit=1000%2C1000&ssl=1\",\"contentUrl\":\"https:\\\/\\\/i0.wp.com\\\/yaycosmetics.com\\\/wp-content\\\/uploads\\\/2024\\\/10\\\/marrakech_countouring.jpg?fit=1000%2C1000&ssl=1\",\"width\":1000,\"height\":1000},{\"@type\":\"BreadcrumbList\",\"@id\":\"https:\\\/\\\/yaycosmetics.com\\\/sq\\\/produkt\\\/marrakech-argan-eye-and-lip-contour\\\/#breadcrumb\",\"itemListElement\":[{\"@type\":\"ListItem\",\"position\":1,\"name\":\"Home\",\"item\":\"https:\\\/\\\/yaycosmetics.com\\\/en\\\/\"},{\"@type\":\"ListItem\",\"position\":2,\"name\":\"Shop\",\"item\":\"https:\\\/\\\/yaycosmetics.com\\\/en\\\/shop\\\/\"},{\"@type\":\"ListItem\",\"position\":3,\"name\":\"MARRAKECH \u2013 Argan Eye and Lip Contour\"}]},{\"@type\":\"WebSite\",\"@id\":\"https:\\\/\\\/yaycosmetics.com\\\/en\\\/#website\",\"url\":\"https:\\\/\\\/yaycosmetics.com\\\/en\\\/\",\"name\":\"Yay Cosmetics\",\"description\":\"\",\"potentialAction\":[{\"@type\":\"SearchAction\",\"target\":{\"@type\":\"EntryPoint\",\"urlTemplate\":\"https:\\\/\\\/yaycosmetics.com\\\/en\\\/?s={search_term_string}\"},\"query-input\":{\"@type\":\"PropertyValueSpecification\",\"valueRequired\":true,\"valueName\":\"search_term_string\"}}],\"inLanguage\":\"sq\"}]}<\/script>\n<!-- \/ Yoast SEO plugin. -->","yoast_head_json":{"title":"MARRAKECH \u2013 Argan Eye and Lip Contour - Yay Cosmetics","robots":{"index":"index","follow":"follow","max-snippet":"max-snippet:-1","max-image-preview":"max-image-preview:large","max-video-preview":"max-video-preview:-1"},"canonical":"https:\/\/yaycosmetics.com\/sq\/produkt\/marrakech-argan-eye-and-lip-contour\/","og_locale":"sq_AL","og_type":"article","og_title":"MARRAKECH \u2013 Argan Eye and Lip Contour - Yay Cosmetics","og_description":"A very delicate product designed for the areas around the eyes and lips. Rich in sebum-like lipids, primarily argan oil, and emollient triglycerides, it provides deep hydration and nourishment. The formula also includes argan stem cell extract with anti-aging properties and a hydrating functional ingredient to enhance skin tone and hydration.","og_url":"https:\/\/yaycosmetics.com\/sq\/produkt\/marrakech-argan-eye-and-lip-contour\/","og_site_name":"Yay Cosmetics","article_modified_time":"2024-10-29T21:51:31+00:00","og_image":[{"width":1000,"height":1000,"url":"https:\/\/i0.wp.com\/yaycosmetics.com\/wp-content\/uploads\/2024\/10\/marrakech_countouring.jpg?fit=1000%2C1000&ssl=1","type":"image\/jpeg"}],"twitter_card":"summary_large_image","twitter_misc":{"Est. reading time":"1 minut\u00eb"},"schema":{"@context":"https:\/\/schema.org","@graph":[{"@type":"WebPage","@id":"https:\/\/yaycosmetics.com\/sq\/produkt\/marrakech-argan-eye-and-lip-contour\/","url":"https:\/\/yaycosmetics.com\/sq\/produkt\/marrakech-argan-eye-and-lip-contour\/","name":"MARRAKECH \u2013 Argan Eye and Lip Contour - Yay Cosmetics","isPartOf":{"@id":"https:\/\/yaycosmetics.com\/en\/#website"},"primaryImageOfPage":{"@id":"https:\/\/yaycosmetics.com\/sq\/produkt\/marrakech-argan-eye-and-lip-contour\/#primaryimage"},"image":{"@id":"https:\/\/yaycosmetics.com\/sq\/produkt\/marrakech-argan-eye-and-lip-contour\/#primaryimage"},"thumbnailUrl":"https:\/\/i0.wp.com\/yaycosmetics.com\/wp-content\/uploads\/2024\/10\/marrakech_countouring.jpg?fit=1000%2C1000&ssl=1","datePublished":"2024-10-27T10:33:26+00:00","dateModified":"2024-10-29T21:51:31+00:00","breadcrumb":{"@id":"https:\/\/yaycosmetics.com\/sq\/produkt\/marrakech-argan-eye-and-lip-contour\/#breadcrumb"},"inLanguage":"sq","potentialAction":[{"@type":"ReadAction","target":["https:\/\/yaycosmetics.com\/sq\/produkt\/marrakech-argan-eye-and-lip-contour\/"]}]},{"@type":"ImageObject","inLanguage":"sq","@id":"https:\/\/yaycosmetics.com\/sq\/produkt\/marrakech-argan-eye-and-lip-contour\/#primaryimage","url":"https:\/\/i0.wp.com\/yaycosmetics.com\/wp-content\/uploads\/2024\/10\/marrakech_countouring.jpg?fit=1000%2C1000&ssl=1","contentUrl":"https:\/\/i0.wp.com\/yaycosmetics.com\/wp-content\/uploads\/2024\/10\/marrakech_countouring.jpg?fit=1000%2C1000&ssl=1","width":1000,"height":1000},{"@type":"BreadcrumbList","@id":"https:\/\/yaycosmetics.com\/sq\/produkt\/marrakech-argan-eye-and-lip-contour\/#breadcrumb","itemListElement":[{"@type":"ListItem","position":1,"name":"Home","item":"https:\/\/yaycosmetics.com\/en\/"},{"@type":"ListItem","position":2,"name":"Shop","item":"https:\/\/yaycosmetics.com\/en\/shop\/"},{"@type":"ListItem","position":3,"name":"MARRAKECH \u2013 Argan Eye and Lip Contour"}]},{"@type":"WebSite","@id":"https:\/\/yaycosmetics.com\/en\/#website","url":"https:\/\/yaycosmetics.com\/en\/","name":"Yay Cosmetics","description":"","potentialAction":[{"@type":"SearchAction","target":{"@type":"EntryPoint","urlTemplate":"https:\/\/yaycosmetics.com\/en\/?s={search_term_string}"},"query-input":{"@type":"PropertyValueSpecification","valueRequired":true,"valueName":"search_term_string"}}],"inLanguage":"sq"}]}},"jetpack_sharing_enabled":true,"_links":{"self":[{"href":"https:\/\/yaycosmetics.com\/sq\/wp-json\/wp\/v2\/product\/386","targetHints":{"allow":["GET"]}}],"collection":[{"href":"https:\/\/yaycosmetics.com\/sq\/wp-json\/wp\/v2\/product"}],"about":[{"href":"https:\/\/yaycosmetics.com\/sq\/wp-json\/wp\/v2\/types\/product"}],"replies":[{"embeddable":true,"href":"https:\/\/yaycosmetics.com\/sq\/wp-json\/wp\/v2\/comments?post=386"}],"wp:featuredmedia":[{"embeddable":true,"href":"https:\/\/yaycosmetics.com\/sq\/wp-json\/wp\/v2\/media\/450"}],"wp:attachment":[{"href":"https:\/\/yaycosmetics.com\/sq\/wp-json\/wp\/v2\/media?parent=386"}],"wp:term":[{"taxonomy":"product_brand","embeddable":true,"href":"https:\/\/yaycosmetics.com\/sq\/wp-json\/wp\/v2\/product_brand?post=386"},{"taxonomy":"product_cat","embeddable":true,"href":"https:\/\/yaycosmetics.com\/sq\/wp-json\/wp\/v2\/product_cat?post=386"},{"taxonomy":"product_tag","embeddable":true,"href":"https:\/\/yaycosmetics.com\/sq\/wp-json\/wp\/v2\/product_tag?post=386"}],"curies":[{"name":"wp","href":"https:\/\/api.w.org\/{rel}","templated":true}]}}