{"id":434,"date":"2024-10-29T21:22:05","date_gmt":"2024-10-29T21:22:05","guid":{"rendered":"https:\/\/yaycosmetics.com\/?post_type=product&#038;p=434"},"modified":"2024-10-29T22:04:18","modified_gmt":"2024-10-29T22:04:18","slug":"lip-balm-atp-finals","status":"publish","type":"product","link":"https:\/\/yaycosmetics.com\/sq\/produkt\/lip-balm-atp-finals\/","title":{"rendered":"Balzam p\u00ebr buz\u00ebt \u2013 ATP Finals"},"content":{"rendered":"","protected":false},"excerpt":{"rendered":"<p>P\u00ebr t\u00eb festuar ATP Finals, kemi krijuar nj\u00eb balsam ekskluziv p\u00ebr buz\u00ebt\u2026 n\u00eb form\u00ebn e nj\u00eb topi tenisi!<\/p>\n<p>Me mbrojtje SPF 15 dhe arom\u00eb t\u00eb but\u00eb vaniljeje, mbron buz\u00ebt tuaja dhe ju dhuron nj\u00eb prekje stili unik.<\/p>","protected":false},"featured_media":435,"comment_status":"open","ping_status":"closed","template":"","meta":{"nf_dc_page":"","om_disable_all_campaigns":false,"_monsterinsights_skip_tracking":false,"_monsterinsights_sitenote_active":false,"_monsterinsights_sitenote_note":"","_monsterinsights_sitenote_category":0},"product_brand":[],"product_cat":[48],"product_tag":[],"class_list":{"0":"post-434","1":"product","2":"type-product","3":"status-publish","4":"has-post-thumbnail","6":"product_cat-lip-balm","8":"first","9":"instock","10":"shipping-taxable","11":"purchasable","12":"product-type-simple","13":"add-to-wishlist-after_add_to_cart"},"yoast_head":"<!-- This site is optimized with the Yoast SEO plugin v27.4 - https:\/\/yoast.com\/product\/yoast-seo-wordpress\/ -->\n<title>Lip Balm \u2013 ATP Finals - Yay Cosmetics<\/title>\n<meta name=\"robots\" content=\"index, follow, max-snippet:-1, max-image-preview:large, max-video-preview:-1\" \/>\n<link rel=\"canonical\" href=\"https:\/\/yaycosmetics.com\/sq\/produkt\/lip-balm-atp-finals\/\" \/>\n<meta property=\"og:locale\" content=\"sq_AL\" \/>\n<meta property=\"og:type\" content=\"article\" \/>\n<meta property=\"og:title\" content=\"Lip Balm \u2013 ATP Finals - Yay Cosmetics\" \/>\n<meta property=\"og:description\" content=\"To celebrate the ATP Finals, we have created an exclusive lip balm\u2026 in the shape of a tennis ball!  With SPF 15 protection and a delicate vanilla aroma, it protects your lips and gives you a touch of unique style.\" \/>\n<meta property=\"og:url\" content=\"https:\/\/yaycosmetics.com\/sq\/produkt\/lip-balm-atp-finals\/\" \/>\n<meta property=\"og:site_name\" content=\"Yay Cosmetics\" \/>\n<meta property=\"article:modified_time\" content=\"2024-10-29T22:04:18+00:00\" \/>\n<meta property=\"og:image\" content=\"https:\/\/i0.wp.com\/yaycosmetics.com\/wp-content\/uploads\/2024\/10\/lip_balm.jpg?fit=1000%2C1000&ssl=1\" \/>\n\t<meta property=\"og:image:width\" content=\"1000\" \/>\n\t<meta property=\"og:image:height\" content=\"1000\" \/>\n\t<meta property=\"og:image:type\" content=\"image\/jpeg\" \/>\n<meta name=\"twitter:card\" content=\"summary_large_image\" \/>\n<meta name=\"twitter:label1\" content=\"Est. reading time\" \/>\n\t<meta name=\"twitter:data1\" content=\"1 minut\u00eb\" \/>\n<script type=\"application\/ld+json\" class=\"yoast-schema-graph\">{\"@context\":\"https:\\\/\\\/schema.org\",\"@graph\":[{\"@type\":\"WebPage\",\"@id\":\"https:\\\/\\\/yaycosmetics.com\\\/sq\\\/produkt\\\/lip-balm-atp-finals\\\/\",\"url\":\"https:\\\/\\\/yaycosmetics.com\\\/sq\\\/produkt\\\/lip-balm-atp-finals\\\/\",\"name\":\"Lip Balm \u2013 ATP Finals - Yay Cosmetics\",\"isPartOf\":{\"@id\":\"https:\\\/\\\/yaycosmetics.com\\\/en\\\/#website\"},\"primaryImageOfPage\":{\"@id\":\"https:\\\/\\\/yaycosmetics.com\\\/sq\\\/produkt\\\/lip-balm-atp-finals\\\/#primaryimage\"},\"image\":{\"@id\":\"https:\\\/\\\/yaycosmetics.com\\\/sq\\\/produkt\\\/lip-balm-atp-finals\\\/#primaryimage\"},\"thumbnailUrl\":\"https:\\\/\\\/i0.wp.com\\\/yaycosmetics.com\\\/wp-content\\\/uploads\\\/2024\\\/10\\\/lip_balm.jpg?fit=1000%2C1000&ssl=1\",\"datePublished\":\"2024-10-29T21:22:05+00:00\",\"dateModified\":\"2024-10-29T22:04:18+00:00\",\"breadcrumb\":{\"@id\":\"https:\\\/\\\/yaycosmetics.com\\\/sq\\\/produkt\\\/lip-balm-atp-finals\\\/#breadcrumb\"},\"inLanguage\":\"sq\",\"potentialAction\":[{\"@type\":\"ReadAction\",\"target\":[\"https:\\\/\\\/yaycosmetics.com\\\/sq\\\/produkt\\\/lip-balm-atp-finals\\\/\"]}]},{\"@type\":\"ImageObject\",\"inLanguage\":\"sq\",\"@id\":\"https:\\\/\\\/yaycosmetics.com\\\/sq\\\/produkt\\\/lip-balm-atp-finals\\\/#primaryimage\",\"url\":\"https:\\\/\\\/i0.wp.com\\\/yaycosmetics.com\\\/wp-content\\\/uploads\\\/2024\\\/10\\\/lip_balm.jpg?fit=1000%2C1000&ssl=1\",\"contentUrl\":\"https:\\\/\\\/i0.wp.com\\\/yaycosmetics.com\\\/wp-content\\\/uploads\\\/2024\\\/10\\\/lip_balm.jpg?fit=1000%2C1000&ssl=1\",\"width\":1000,\"height\":1000},{\"@type\":\"BreadcrumbList\",\"@id\":\"https:\\\/\\\/yaycosmetics.com\\\/sq\\\/produkt\\\/lip-balm-atp-finals\\\/#breadcrumb\",\"itemListElement\":[{\"@type\":\"ListItem\",\"position\":1,\"name\":\"Home\",\"item\":\"https:\\\/\\\/yaycosmetics.com\\\/en\\\/\"},{\"@type\":\"ListItem\",\"position\":2,\"name\":\"Shop\",\"item\":\"https:\\\/\\\/yaycosmetics.com\\\/en\\\/shop\\\/\"},{\"@type\":\"ListItem\",\"position\":3,\"name\":\"Lip Balm \u2013 ATP Finals\"}]},{\"@type\":\"WebSite\",\"@id\":\"https:\\\/\\\/yaycosmetics.com\\\/en\\\/#website\",\"url\":\"https:\\\/\\\/yaycosmetics.com\\\/en\\\/\",\"name\":\"Yay Cosmetics\",\"description\":\"\",\"potentialAction\":[{\"@type\":\"SearchAction\",\"target\":{\"@type\":\"EntryPoint\",\"urlTemplate\":\"https:\\\/\\\/yaycosmetics.com\\\/en\\\/?s={search_term_string}\"},\"query-input\":{\"@type\":\"PropertyValueSpecification\",\"valueRequired\":true,\"valueName\":\"search_term_string\"}}],\"inLanguage\":\"sq\"}]}<\/script>\n<!-- \/ Yoast SEO plugin. -->","yoast_head_json":{"title":"Lip Balm \u2013 ATP Finals - Yay Cosmetics","robots":{"index":"index","follow":"follow","max-snippet":"max-snippet:-1","max-image-preview":"max-image-preview:large","max-video-preview":"max-video-preview:-1"},"canonical":"https:\/\/yaycosmetics.com\/sq\/produkt\/lip-balm-atp-finals\/","og_locale":"sq_AL","og_type":"article","og_title":"Lip Balm \u2013 ATP Finals - Yay Cosmetics","og_description":"To celebrate the ATP Finals, we have created an exclusive lip balm\u2026 in the shape of a tennis ball!  With SPF 15 protection and a delicate vanilla aroma, it protects your lips and gives you a touch of unique style.","og_url":"https:\/\/yaycosmetics.com\/sq\/produkt\/lip-balm-atp-finals\/","og_site_name":"Yay Cosmetics","article_modified_time":"2024-10-29T22:04:18+00:00","og_image":[{"width":1000,"height":1000,"url":"https:\/\/i0.wp.com\/yaycosmetics.com\/wp-content\/uploads\/2024\/10\/lip_balm.jpg?fit=1000%2C1000&ssl=1","type":"image\/jpeg"}],"twitter_card":"summary_large_image","twitter_misc":{"Est. reading time":"1 minut\u00eb"},"schema":{"@context":"https:\/\/schema.org","@graph":[{"@type":"WebPage","@id":"https:\/\/yaycosmetics.com\/sq\/produkt\/lip-balm-atp-finals\/","url":"https:\/\/yaycosmetics.com\/sq\/produkt\/lip-balm-atp-finals\/","name":"Lip Balm \u2013 ATP Finals - Yay Cosmetics","isPartOf":{"@id":"https:\/\/yaycosmetics.com\/en\/#website"},"primaryImageOfPage":{"@id":"https:\/\/yaycosmetics.com\/sq\/produkt\/lip-balm-atp-finals\/#primaryimage"},"image":{"@id":"https:\/\/yaycosmetics.com\/sq\/produkt\/lip-balm-atp-finals\/#primaryimage"},"thumbnailUrl":"https:\/\/i0.wp.com\/yaycosmetics.com\/wp-content\/uploads\/2024\/10\/lip_balm.jpg?fit=1000%2C1000&ssl=1","datePublished":"2024-10-29T21:22:05+00:00","dateModified":"2024-10-29T22:04:18+00:00","breadcrumb":{"@id":"https:\/\/yaycosmetics.com\/sq\/produkt\/lip-balm-atp-finals\/#breadcrumb"},"inLanguage":"sq","potentialAction":[{"@type":"ReadAction","target":["https:\/\/yaycosmetics.com\/sq\/produkt\/lip-balm-atp-finals\/"]}]},{"@type":"ImageObject","inLanguage":"sq","@id":"https:\/\/yaycosmetics.com\/sq\/produkt\/lip-balm-atp-finals\/#primaryimage","url":"https:\/\/i0.wp.com\/yaycosmetics.com\/wp-content\/uploads\/2024\/10\/lip_balm.jpg?fit=1000%2C1000&ssl=1","contentUrl":"https:\/\/i0.wp.com\/yaycosmetics.com\/wp-content\/uploads\/2024\/10\/lip_balm.jpg?fit=1000%2C1000&ssl=1","width":1000,"height":1000},{"@type":"BreadcrumbList","@id":"https:\/\/yaycosmetics.com\/sq\/produkt\/lip-balm-atp-finals\/#breadcrumb","itemListElement":[{"@type":"ListItem","position":1,"name":"Home","item":"https:\/\/yaycosmetics.com\/en\/"},{"@type":"ListItem","position":2,"name":"Shop","item":"https:\/\/yaycosmetics.com\/en\/shop\/"},{"@type":"ListItem","position":3,"name":"Lip Balm \u2013 ATP Finals"}]},{"@type":"WebSite","@id":"https:\/\/yaycosmetics.com\/en\/#website","url":"https:\/\/yaycosmetics.com\/en\/","name":"Yay Cosmetics","description":"","potentialAction":[{"@type":"SearchAction","target":{"@type":"EntryPoint","urlTemplate":"https:\/\/yaycosmetics.com\/en\/?s={search_term_string}"},"query-input":{"@type":"PropertyValueSpecification","valueRequired":true,"valueName":"search_term_string"}}],"inLanguage":"sq"}]}},"jetpack_sharing_enabled":true,"_links":{"self":[{"href":"https:\/\/yaycosmetics.com\/sq\/wp-json\/wp\/v2\/product\/434","targetHints":{"allow":["GET"]}}],"collection":[{"href":"https:\/\/yaycosmetics.com\/sq\/wp-json\/wp\/v2\/product"}],"about":[{"href":"https:\/\/yaycosmetics.com\/sq\/wp-json\/wp\/v2\/types\/product"}],"replies":[{"embeddable":true,"href":"https:\/\/yaycosmetics.com\/sq\/wp-json\/wp\/v2\/comments?post=434"}],"wp:featuredmedia":[{"embeddable":true,"href":"https:\/\/yaycosmetics.com\/sq\/wp-json\/wp\/v2\/media\/435"}],"wp:attachment":[{"href":"https:\/\/yaycosmetics.com\/sq\/wp-json\/wp\/v2\/media?parent=434"}],"wp:term":[{"taxonomy":"product_brand","embeddable":true,"href":"https:\/\/yaycosmetics.com\/sq\/wp-json\/wp\/v2\/product_brand?post=434"},{"taxonomy":"product_cat","embeddable":true,"href":"https:\/\/yaycosmetics.com\/sq\/wp-json\/wp\/v2\/product_cat?post=434"},{"taxonomy":"product_tag","embeddable":true,"href":"https:\/\/yaycosmetics.com\/sq\/wp-json\/wp\/v2\/product_tag?post=434"}],"curies":[{"name":"wp","href":"https:\/\/api.w.org\/{rel}","templated":true}]}}